{"id":1337,"date":"2023-11-20T00:08:50","date_gmt":"2023-11-20T00:08:50","guid":{"rendered":"http:\/\/healthcarepoland.pl\/wiadomosci-hcpl\/"},"modified":"2025-01-05T17:13:36","modified_gmt":"2025-01-05T17:13:36","slug":"wiadomosci-hcpl","status":"publish","type":"page","link":"https:\/\/healthcarepoland.pl\/pl\/o\/wiadomosci-hcpl\/","title":{"rendered":"Newsy HCPL"},"content":{"rendered":"\n<div class=\"nfd-container nfd-my-0 nfd-p-md wp-block-group alignfull has-black-color has-white-background-color has-text-color has-background has-link-color wp-elements-dec27987bf47def0e709172d3bb5e6c2 is-layout-flow wp-block-group-is-layout-flow\">\n<div class=\"wp-block-query is-layout-flow wp-block-query-is-layout-flow\"><ul class=\"columns-4 wp-block-post-template is-layout-grid wp-container-core-post-template-is-layout-4bfc68ed wp-block-post-template-is-layout-grid\"><li class=\"wp-block-post post-3202 post type-post status-publish format-standard has-post-thumbnail hentry category-news-pl tag-certyfikacja tag-certyfikacja-iso-w-branzy-medycznej tag-certyfikacja-podmiotu-leczniczego tag-esg-pl tag-gdpr tag-hcpl-pl tag-healthcare-poland-foundation-pl tag-iso tag-jci-readiness tag-mdr tag-nis2 tag-rewidenta tag-rodo-pl tag-tqams\">\n<figure style=\"aspect-ratio:4\/3; margin-bottom:24px;\" class=\"wp-block-post-featured-image\"><a href=\"https:\/\/healthcarepoland.pl\/pl\/certyfikacja-jako-fundament-konkurencyjnosci\/\" target=\"_self\"  ><img data-recalc-dims=\"1\" loading=\"lazy\" decoding=\"async\" width=\"1920\" height=\"1280\" src=\"https:\/\/i0.wp.com\/healthcarepoland.pl\/wp-content\/uploads\/2026\/04\/Certification-as-the-Foundation-of-Competitiveness-TQAMS-photo-Healthcare-Poland.webp?resize=1920%2C1280&#038;ssl=1\" class=\"attachment-post-thumbnail size-post-thumbnail wp-post-image\" alt=\"Certyfikacja jako fundament konkurencyjno\u015bci\" style=\"border-radius:0px;width:100%;height:100%;object-fit:cover;\" srcset=\"https:\/\/i0.wp.com\/healthcarepoland.pl\/wp-content\/uploads\/2026\/04\/Certification-as-the-Foundation-of-Competitiveness-TQAMS-photo-Healthcare-Poland.webp?w=1920&amp;ssl=1 1920w, https:\/\/i0.wp.com\/healthcarepoland.pl\/wp-content\/uploads\/2026\/04\/Certification-as-the-Foundation-of-Competitiveness-TQAMS-photo-Healthcare-Poland.webp?resize=300%2C200&amp;ssl=1 300w, https:\/\/i0.wp.com\/healthcarepoland.pl\/wp-content\/uploads\/2026\/04\/Certification-as-the-Foundation-of-Competitiveness-TQAMS-photo-Healthcare-Poland.webp?resize=1024%2C683&amp;ssl=1 1024w, https:\/\/i0.wp.com\/healthcarepoland.pl\/wp-content\/uploads\/2026\/04\/Certification-as-the-Foundation-of-Competitiveness-TQAMS-photo-Healthcare-Poland.webp?resize=768%2C512&amp;ssl=1 768w, https:\/\/i0.wp.com\/healthcarepoland.pl\/wp-content\/uploads\/2026\/04\/Certification-as-the-Foundation-of-Competitiveness-TQAMS-photo-Healthcare-Poland.webp?resize=1536%2C1024&amp;ssl=1 1536w\" sizes=\"auto, (max-width: 1000px) 100vw, 1000px\" \/><\/a><\/figure>\n\n\n<div class=\"nfd-text-sm wp-block-group is-content-justification-space-between is-layout-flex wp-container-core-group-is-layout-2aa071c0 wp-block-group-is-layout-flex\"><div style=\"font-style:normal;font-weight:600\" class=\"taxonomy-category has-link-color nfd-text-opacity-80 wp-elements-b8efa1f0c568b0497cb03547f5cf3267 wp-block-post-terms\"><a href=\"https:\/\/healthcarepoland.pl\/pl\/category\/news-pl\/\" rel=\"tag\">News<\/a><\/div>\n\n<div class=\"nfd-text-opacity-80 wp-block-post-date\"><time datetime=\"2026-04-01T14:20:48+01:00\">2026-04-01<\/time><\/div><\/div>\n\n\n\n<div class=\"wp-block-group is-layout-flow wp-block-group-is-layout-flow\" style=\"margin-top:16px;margin-bottom:12px\"><h3 style=\"font-style:normal;font-weight:600;\" class=\"nfd-text-balanc wp-block-post-title has-normal-font-size\"><a href=\"https:\/\/healthcarepoland.pl\/pl\/certyfikacja-jako-fundament-konkurencyjnosci\/\" target=\"_self\" >Certyfikacja jako fundament konkurencyjno\u015bci<\/a><\/h3><\/div>\n\n<\/li><li class=\"wp-block-post post-3144 post type-post status-publish format-standard has-post-thumbnail hentry category-news-pl tag-glfa tag-global-healthcare tag-global-life-frontier-academy tag-hcpl-pl tag-healthcare-innovation-pl tag-healthcare-poland-pl tag-healthcare-poland-foundation-pl tag-healthcare-systems tag-opieka-zdrowotna-pl\">\n<figure style=\"aspect-ratio:4\/3; margin-bottom:24px;\" class=\"wp-block-post-featured-image\"><a href=\"https:\/\/healthcarepoland.pl\/pl\/healthcare-poland-uruchamia-program-global-life-frontier-academy-dla-systemu-ochrony-zdrowia-w-polsce\/\" target=\"_self\"  ><img data-recalc-dims=\"1\" loading=\"lazy\" decoding=\"async\" width=\"1920\" height=\"1280\" src=\"https:\/\/i0.wp.com\/healthcarepoland.pl\/wp-content\/uploads\/2026\/03\/Healthcare-Poland-launches-the-Global-Life-Frontier-Academy-programme-for-the-healthcare-system-in-Poland.webp?resize=1920%2C1280&#038;ssl=1\" class=\"attachment-post-thumbnail size-post-thumbnail wp-post-image\" alt=\"Healthcare Poland uruchamia program Global Life Frontier Academy dla systemu ochrony zdrowia w Polsce\" style=\"border-radius:0px;width:100%;height:100%;object-fit:cover;\" srcset=\"https:\/\/i0.wp.com\/healthcarepoland.pl\/wp-content\/uploads\/2026\/03\/Healthcare-Poland-launches-the-Global-Life-Frontier-Academy-programme-for-the-healthcare-system-in-Poland.webp?w=1920&amp;ssl=1 1920w, https:\/\/i0.wp.com\/healthcarepoland.pl\/wp-content\/uploads\/2026\/03\/Healthcare-Poland-launches-the-Global-Life-Frontier-Academy-programme-for-the-healthcare-system-in-Poland.webp?resize=300%2C200&amp;ssl=1 300w, https:\/\/i0.wp.com\/healthcarepoland.pl\/wp-content\/uploads\/2026\/03\/Healthcare-Poland-launches-the-Global-Life-Frontier-Academy-programme-for-the-healthcare-system-in-Poland.webp?resize=1024%2C683&amp;ssl=1 1024w, https:\/\/i0.wp.com\/healthcarepoland.pl\/wp-content\/uploads\/2026\/03\/Healthcare-Poland-launches-the-Global-Life-Frontier-Academy-programme-for-the-healthcare-system-in-Poland.webp?resize=768%2C512&amp;ssl=1 768w, https:\/\/i0.wp.com\/healthcarepoland.pl\/wp-content\/uploads\/2026\/03\/Healthcare-Poland-launches-the-Global-Life-Frontier-Academy-programme-for-the-healthcare-system-in-Poland.webp?resize=1536%2C1024&amp;ssl=1 1536w\" sizes=\"auto, (max-width: 1000px) 100vw, 1000px\" \/><\/a><\/figure>\n\n\n<div class=\"nfd-text-sm wp-block-group is-content-justification-space-between is-layout-flex wp-container-core-group-is-layout-2aa071c0 wp-block-group-is-layout-flex\"><div style=\"font-style:normal;font-weight:600\" class=\"taxonomy-category has-link-color nfd-text-opacity-80 wp-elements-b8efa1f0c568b0497cb03547f5cf3267 wp-block-post-terms\"><a href=\"https:\/\/healthcarepoland.pl\/pl\/category\/news-pl\/\" rel=\"tag\">News<\/a><\/div>\n\n<div class=\"nfd-text-opacity-80 wp-block-post-date\"><time datetime=\"2026-03-10T11:59:46+01:00\">2026-03-10<\/time><\/div><\/div>\n\n\n\n<div class=\"wp-block-group is-layout-flow wp-block-group-is-layout-flow\" style=\"margin-top:16px;margin-bottom:12px\"><h3 style=\"font-style:normal;font-weight:600;\" class=\"nfd-text-balanc wp-block-post-title has-normal-font-size\"><a href=\"https:\/\/healthcarepoland.pl\/pl\/healthcare-poland-uruchamia-program-global-life-frontier-academy-dla-systemu-ochrony-zdrowia-w-polsce\/\" target=\"_self\" >Healthcare Poland uruchamia program Global Life Frontier Academy dla systemu ochrony zdrowia w Polsce<\/a><\/h3><\/div>\n\n<\/li><li class=\"wp-block-post post-3092 post type-post status-publish format-standard has-post-thumbnail hentry category-news-pl tag-analizy-danych-farmaceutycznych tag-innowacje-w-medycynie-pl tag-innowacyjna-ochrona-zdrowia-pl tag-innowacyjne-rozwiazania-medyczne-pl tag-optymalizacja-czasu-pracy tag-pharmdiver tag-smart-pharma-optimizer\">\n<figure style=\"aspect-ratio:4\/3; margin-bottom:24px;\" class=\"wp-block-post-featured-image\"><a href=\"https:\/\/healthcarepoland.pl\/pl\/pharmdiver-gleboki-wymiar-bezpieczenstwa-farmakoterapii\/\" target=\"_self\"  ><img data-recalc-dims=\"1\" loading=\"lazy\" decoding=\"async\" width=\"1920\" height=\"1280\" src=\"https:\/\/i0.wp.com\/healthcarepoland.pl\/wp-content\/uploads\/2026\/02\/Pharmdiver-logo-background-gray-Healthcare-Poland-Foundation.webp?resize=1920%2C1280&#038;ssl=1\" class=\"attachment-post-thumbnail size-post-thumbnail wp-post-image\" alt=\"Pharmdiver \u2013 g\u0142\u0119boki wymiar bezpiecze\u0144stwa farmakoterapii\u00a0\" style=\"border-radius:0px;width:100%;height:100%;object-fit:cover;\" srcset=\"https:\/\/i0.wp.com\/healthcarepoland.pl\/wp-content\/uploads\/2026\/02\/Pharmdiver-logo-background-gray-Healthcare-Poland-Foundation.webp?w=1920&amp;ssl=1 1920w, https:\/\/i0.wp.com\/healthcarepoland.pl\/wp-content\/uploads\/2026\/02\/Pharmdiver-logo-background-gray-Healthcare-Poland-Foundation.webp?resize=300%2C200&amp;ssl=1 300w, https:\/\/i0.wp.com\/healthcarepoland.pl\/wp-content\/uploads\/2026\/02\/Pharmdiver-logo-background-gray-Healthcare-Poland-Foundation.webp?resize=1024%2C683&amp;ssl=1 1024w, https:\/\/i0.wp.com\/healthcarepoland.pl\/wp-content\/uploads\/2026\/02\/Pharmdiver-logo-background-gray-Healthcare-Poland-Foundation.webp?resize=768%2C512&amp;ssl=1 768w, https:\/\/i0.wp.com\/healthcarepoland.pl\/wp-content\/uploads\/2026\/02\/Pharmdiver-logo-background-gray-Healthcare-Poland-Foundation.webp?resize=1536%2C1024&amp;ssl=1 1536w\" sizes=\"auto, (max-width: 1000px) 100vw, 1000px\" \/><\/a><\/figure>\n\n\n<div class=\"nfd-text-sm wp-block-group is-content-justification-space-between is-layout-flex wp-container-core-group-is-layout-2aa071c0 wp-block-group-is-layout-flex\"><div style=\"font-style:normal;font-weight:600\" class=\"taxonomy-category has-link-color nfd-text-opacity-80 wp-elements-b8efa1f0c568b0497cb03547f5cf3267 wp-block-post-terms\"><a href=\"https:\/\/healthcarepoland.pl\/pl\/category\/news-pl\/\" rel=\"tag\">News<\/a><\/div>\n\n<div class=\"nfd-text-opacity-80 wp-block-post-date\"><time datetime=\"2026-02-28T12:42:11+01:00\">2026-02-28<\/time><\/div><\/div>\n\n\n\n<div class=\"wp-block-group is-layout-flow wp-block-group-is-layout-flow\" style=\"margin-top:16px;margin-bottom:12px\"><h3 style=\"font-style:normal;font-weight:600;\" class=\"nfd-text-balanc wp-block-post-title has-normal-font-size\"><a href=\"https:\/\/healthcarepoland.pl\/pl\/pharmdiver-gleboki-wymiar-bezpieczenstwa-farmakoterapii\/\" target=\"_self\" >Pharmdiver \u2013 g\u0142\u0119boki wymiar bezpiecze\u0144stwa farmakoterapii\u00a0<\/a><\/h3><\/div>\n\n<\/li><li class=\"wp-block-post post-3075 post type-post status-publish format-standard has-post-thumbnail hentry category-news-pl tag-hcpl-3 tag-hcpl-pl tag-healthcare-poland-pl tag-healthcare-poland-foundation-pl tag-koalicja-zo tag-opieka-dlugoterminowa-2 tag-opieka-zdrowotna-pl tag-zol tag-zpo\">\n<figure style=\"aspect-ratio:4\/3; margin-bottom:24px;\" class=\"wp-block-post-featured-image\"><a href=\"https:\/\/healthcarepoland.pl\/pl\/nowa-era-w-opiece-dlugoterminowej-powolanie-koalicji-na-rzecz-zol-zpo\/\" target=\"_self\"  ><img data-recalc-dims=\"1\" loading=\"lazy\" decoding=\"async\" width=\"1920\" height=\"1280\" src=\"https:\/\/i0.wp.com\/healthcarepoland.pl\/wp-content\/uploads\/2026\/02\/Establishment-of-the-Coalition-for-ZOL-ZPO-Polish-long-term-care-system-powolanie-Koalicji-na-rzecz-ZOL-ZPO-polski-system-opieki-dlugoterminowej-grafika-Healthcare-Poland.webp?resize=1920%2C1280&#038;ssl=1\" class=\"attachment-post-thumbnail size-post-thumbnail wp-post-image\" alt=\"Nowa Era w Opiece D\u0142ugoterminowej: Powo\u0142anie Koalicji na rzecz ZOL\/ZPO\" style=\"border-radius:0px;width:100%;height:100%;object-fit:cover;\" srcset=\"https:\/\/i0.wp.com\/healthcarepoland.pl\/wp-content\/uploads\/2026\/02\/Establishment-of-the-Coalition-for-ZOL-ZPO-Polish-long-term-care-system-powolanie-Koalicji-na-rzecz-ZOL-ZPO-polski-system-opieki-dlugoterminowej-grafika-Healthcare-Poland.webp?w=1920&amp;ssl=1 1920w, https:\/\/i0.wp.com\/healthcarepoland.pl\/wp-content\/uploads\/2026\/02\/Establishment-of-the-Coalition-for-ZOL-ZPO-Polish-long-term-care-system-powolanie-Koalicji-na-rzecz-ZOL-ZPO-polski-system-opieki-dlugoterminowej-grafika-Healthcare-Poland.webp?resize=300%2C200&amp;ssl=1 300w, https:\/\/i0.wp.com\/healthcarepoland.pl\/wp-content\/uploads\/2026\/02\/Establishment-of-the-Coalition-for-ZOL-ZPO-Polish-long-term-care-system-powolanie-Koalicji-na-rzecz-ZOL-ZPO-polski-system-opieki-dlugoterminowej-grafika-Healthcare-Poland.webp?resize=1024%2C683&amp;ssl=1 1024w, https:\/\/i0.wp.com\/healthcarepoland.pl\/wp-content\/uploads\/2026\/02\/Establishment-of-the-Coalition-for-ZOL-ZPO-Polish-long-term-care-system-powolanie-Koalicji-na-rzecz-ZOL-ZPO-polski-system-opieki-dlugoterminowej-grafika-Healthcare-Poland.webp?resize=768%2C512&amp;ssl=1 768w, https:\/\/i0.wp.com\/healthcarepoland.pl\/wp-content\/uploads\/2026\/02\/Establishment-of-the-Coalition-for-ZOL-ZPO-Polish-long-term-care-system-powolanie-Koalicji-na-rzecz-ZOL-ZPO-polski-system-opieki-dlugoterminowej-grafika-Healthcare-Poland.webp?resize=1536%2C1024&amp;ssl=1 1536w\" sizes=\"auto, (max-width: 1000px) 100vw, 1000px\" \/><\/a><\/figure>\n\n\n<div class=\"nfd-text-sm wp-block-group is-content-justification-space-between is-layout-flex wp-container-core-group-is-layout-2aa071c0 wp-block-group-is-layout-flex\"><div style=\"font-style:normal;font-weight:600\" class=\"taxonomy-category has-link-color nfd-text-opacity-80 wp-elements-b8efa1f0c568b0497cb03547f5cf3267 wp-block-post-terms\"><a href=\"https:\/\/healthcarepoland.pl\/pl\/category\/news-pl\/\" rel=\"tag\">News<\/a><\/div>\n\n<div class=\"nfd-text-opacity-80 wp-block-post-date\"><time datetime=\"2026-02-20T12:38:24+01:00\">2026-02-20<\/time><\/div><\/div>\n\n\n\n<div class=\"wp-block-group is-layout-flow wp-block-group-is-layout-flow\" style=\"margin-top:16px;margin-bottom:12px\"><h3 style=\"font-style:normal;font-weight:600;\" class=\"nfd-text-balanc wp-block-post-title has-normal-font-size\"><a href=\"https:\/\/healthcarepoland.pl\/pl\/nowa-era-w-opiece-dlugoterminowej-powolanie-koalicji-na-rzecz-zol-zpo\/\" target=\"_self\" >Nowa Era w Opiece D\u0142ugoterminowej: Powo\u0142anie Koalicji na rzecz ZOL\/ZPO<\/a><\/h3><\/div>\n\n<\/li><\/ul><\/div>\n<\/div>\n","protected":false},"excerpt":{"rendered":"","protected":false},"author":2,"featured_media":1099,"parent":1340,"menu_order":0,"comment_status":"closed","ping_status":"closed","template":"sidebar-left","meta":{"nf_dc_page":"","jetpack_post_was_ever_published":true,"footnotes":""},"class_list":["post-1337","page","type-page","status-publish","has-post-thumbnail","hentry"],"yoast_head":"<!-- This site is optimized with the Yoast SEO plugin v27.4 - https:\/\/yoast.com\/product\/yoast-seo-wordpress\/ -->\n<title>Newsy HCPL - Healthcare Poland<\/title>\n<meta name=\"robots\" content=\"index, follow, max-snippet:-1, max-image-preview:large, max-video-preview:-1\" \/>\n<link rel=\"canonical\" href=\"https:\/\/healthcarepoland.pl\/pl\/o\/wiadomosci-hcpl\/\" \/>\n<meta property=\"og:locale\" content=\"pl_PL\" \/>\n<meta property=\"og:type\" content=\"article\" \/>\n<meta property=\"og:title\" content=\"Newsy HCPL - Healthcare Poland\" \/>\n<meta property=\"og:url\" content=\"https:\/\/healthcarepoland.pl\/pl\/o\/wiadomosci-hcpl\/\" \/>\n<meta property=\"og:site_name\" content=\"Healthcare Poland\" \/>\n<meta property=\"article:publisher\" content=\"https:\/\/www.facebook.com\/healthcarepoland\" \/>\n<meta property=\"article:modified_time\" content=\"2025-01-05T17:13:36+00:00\" \/>\n<meta property=\"og:image\" content=\"https:\/\/i0.wp.com\/healthcarepoland.pl\/wp-content\/uploads\/2023\/11\/AdobeStock_110237029-2-scaled.jpeg?fit=2560%2C1707&ssl=1\" \/>\n\t<meta property=\"og:image:width\" content=\"2560\" \/>\n\t<meta property=\"og:image:height\" content=\"1707\" \/>\n\t<meta property=\"og:image:type\" content=\"image\/jpeg\" \/>\n<meta name=\"twitter:card\" content=\"summary_large_image\" \/>\n<script type=\"application\/ld+json\" class=\"yoast-schema-graph\">{\"@context\":\"https:\\\/\\\/schema.org\",\"@graph\":[{\"@type\":\"WebPage\",\"@id\":\"https:\\\/\\\/healthcarepoland.pl\\\/pl\\\/o\\\/wiadomosci-hcpl\\\/\",\"url\":\"https:\\\/\\\/healthcarepoland.pl\\\/pl\\\/o\\\/wiadomosci-hcpl\\\/\",\"name\":\"Newsy HCPL - Healthcare Poland\",\"isPartOf\":{\"@id\":\"https:\\\/\\\/healthcarepoland.pl\\\/pl\\\/#website\"},\"primaryImageOfPage\":{\"@id\":\"https:\\\/\\\/healthcarepoland.pl\\\/pl\\\/o\\\/wiadomosci-hcpl\\\/#primaryimage\"},\"image\":{\"@id\":\"https:\\\/\\\/healthcarepoland.pl\\\/pl\\\/o\\\/wiadomosci-hcpl\\\/#primaryimage\"},\"thumbnailUrl\":\"https:\\\/\\\/i0.wp.com\\\/healthcarepoland.pl\\\/wp-content\\\/uploads\\\/2023\\\/11\\\/AdobeStock_110237029-2-scaled.jpeg?fit=2560%2C1707&ssl=1\",\"datePublished\":\"2023-11-20T00:08:50+00:00\",\"dateModified\":\"2025-01-05T17:13:36+00:00\",\"breadcrumb\":{\"@id\":\"https:\\\/\\\/healthcarepoland.pl\\\/pl\\\/o\\\/wiadomosci-hcpl\\\/#breadcrumb\"},\"inLanguage\":\"pl-PL\",\"potentialAction\":[{\"@type\":\"ReadAction\",\"target\":[\"https:\\\/\\\/healthcarepoland.pl\\\/pl\\\/o\\\/wiadomosci-hcpl\\\/\"]}]},{\"@type\":\"ImageObject\",\"inLanguage\":\"pl-PL\",\"@id\":\"https:\\\/\\\/healthcarepoland.pl\\\/pl\\\/o\\\/wiadomosci-hcpl\\\/#primaryimage\",\"url\":\"https:\\\/\\\/i0.wp.com\\\/healthcarepoland.pl\\\/wp-content\\\/uploads\\\/2023\\\/11\\\/AdobeStock_110237029-2-scaled.jpeg?fit=2560%2C1707&ssl=1\",\"contentUrl\":\"https:\\\/\\\/i0.wp.com\\\/healthcarepoland.pl\\\/wp-content\\\/uploads\\\/2023\\\/11\\\/AdobeStock_110237029-2-scaled.jpeg?fit=2560%2C1707&ssl=1\",\"width\":2560,\"height\":1707,\"caption\":\"Young medical technicians working in laboratory\"},{\"@type\":\"BreadcrumbList\",\"@id\":\"https:\\\/\\\/healthcarepoland.pl\\\/pl\\\/o\\\/wiadomosci-hcpl\\\/#breadcrumb\",\"itemListElement\":[{\"@type\":\"ListItem\",\"position\":1,\"name\":\"Home\",\"item\":\"https:\\\/\\\/healthcarepoland.pl\\\/pl\\\/\"},{\"@type\":\"ListItem\",\"position\":2,\"name\":\"O\",\"item\":\"https:\\\/\\\/healthcarepoland.pl\\\/pl\\\/?page_id=1340\"},{\"@type\":\"ListItem\",\"position\":3,\"name\":\"Newsy HCPL\"}]},{\"@type\":\"WebSite\",\"@id\":\"https:\\\/\\\/healthcarepoland.pl\\\/pl\\\/#website\",\"url\":\"https:\\\/\\\/healthcarepoland.pl\\\/pl\\\/\",\"name\":\"Healthcare Poland\",\"description\":\"Promoting Poland&#039;s Healthcare\",\"publisher\":{\"@id\":\"https:\\\/\\\/healthcarepoland.pl\\\/pl\\\/#organization\"},\"potentialAction\":[{\"@type\":\"SearchAction\",\"target\":{\"@type\":\"EntryPoint\",\"urlTemplate\":\"https:\\\/\\\/healthcarepoland.pl\\\/pl\\\/?s={search_term_string}\"},\"query-input\":{\"@type\":\"PropertyValueSpecification\",\"valueRequired\":true,\"valueName\":\"search_term_string\"}}],\"inLanguage\":\"pl-PL\"},{\"@type\":\"Organization\",\"@id\":\"https:\\\/\\\/healthcarepoland.pl\\\/pl\\\/#organization\",\"name\":\"Healthcare Poland\",\"url\":\"https:\\\/\\\/healthcarepoland.pl\\\/pl\\\/\",\"logo\":{\"@type\":\"ImageObject\",\"inLanguage\":\"pl-PL\",\"@id\":\"https:\\\/\\\/healthcarepoland.pl\\\/pl\\\/#\\\/schema\\\/logo\\\/image\\\/\",\"url\":\"https:\\\/\\\/i0.wp.com\\\/healthcarepoland.pl\\\/wp-content\\\/uploads\\\/2023\\\/11\\\/3.png?fit=1000%2C1000&ssl=1\",\"contentUrl\":\"https:\\\/\\\/i0.wp.com\\\/healthcarepoland.pl\\\/wp-content\\\/uploads\\\/2023\\\/11\\\/3.png?fit=1000%2C1000&ssl=1\",\"width\":1000,\"height\":1000,\"caption\":\"Healthcare Poland\"},\"image\":{\"@id\":\"https:\\\/\\\/healthcarepoland.pl\\\/pl\\\/#\\\/schema\\\/logo\\\/image\\\/\"},\"sameAs\":[\"https:\\\/\\\/www.facebook.com\\\/healthcarepoland\"]}]}<\/script>\n<!-- \/ Yoast SEO plugin. -->","yoast_head_json":{"title":"Newsy HCPL - Healthcare Poland","robots":{"index":"index","follow":"follow","max-snippet":"max-snippet:-1","max-image-preview":"max-image-preview:large","max-video-preview":"max-video-preview:-1"},"canonical":"https:\/\/healthcarepoland.pl\/pl\/o\/wiadomosci-hcpl\/","og_locale":"pl_PL","og_type":"article","og_title":"Newsy HCPL - Healthcare Poland","og_url":"https:\/\/healthcarepoland.pl\/pl\/o\/wiadomosci-hcpl\/","og_site_name":"Healthcare Poland","article_publisher":"https:\/\/www.facebook.com\/healthcarepoland","article_modified_time":"2025-01-05T17:13:36+00:00","og_image":[{"width":2560,"height":1707,"url":"https:\/\/i0.wp.com\/healthcarepoland.pl\/wp-content\/uploads\/2023\/11\/AdobeStock_110237029-2-scaled.jpeg?fit=2560%2C1707&ssl=1","type":"image\/jpeg"}],"twitter_card":"summary_large_image","schema":{"@context":"https:\/\/schema.org","@graph":[{"@type":"WebPage","@id":"https:\/\/healthcarepoland.pl\/pl\/o\/wiadomosci-hcpl\/","url":"https:\/\/healthcarepoland.pl\/pl\/o\/wiadomosci-hcpl\/","name":"Newsy HCPL - Healthcare Poland","isPartOf":{"@id":"https:\/\/healthcarepoland.pl\/pl\/#website"},"primaryImageOfPage":{"@id":"https:\/\/healthcarepoland.pl\/pl\/o\/wiadomosci-hcpl\/#primaryimage"},"image":{"@id":"https:\/\/healthcarepoland.pl\/pl\/o\/wiadomosci-hcpl\/#primaryimage"},"thumbnailUrl":"https:\/\/i0.wp.com\/healthcarepoland.pl\/wp-content\/uploads\/2023\/11\/AdobeStock_110237029-2-scaled.jpeg?fit=2560%2C1707&ssl=1","datePublished":"2023-11-20T00:08:50+00:00","dateModified":"2025-01-05T17:13:36+00:00","breadcrumb":{"@id":"https:\/\/healthcarepoland.pl\/pl\/o\/wiadomosci-hcpl\/#breadcrumb"},"inLanguage":"pl-PL","potentialAction":[{"@type":"ReadAction","target":["https:\/\/healthcarepoland.pl\/pl\/o\/wiadomosci-hcpl\/"]}]},{"@type":"ImageObject","inLanguage":"pl-PL","@id":"https:\/\/healthcarepoland.pl\/pl\/o\/wiadomosci-hcpl\/#primaryimage","url":"https:\/\/i0.wp.com\/healthcarepoland.pl\/wp-content\/uploads\/2023\/11\/AdobeStock_110237029-2-scaled.jpeg?fit=2560%2C1707&ssl=1","contentUrl":"https:\/\/i0.wp.com\/healthcarepoland.pl\/wp-content\/uploads\/2023\/11\/AdobeStock_110237029-2-scaled.jpeg?fit=2560%2C1707&ssl=1","width":2560,"height":1707,"caption":"Young medical technicians working in laboratory"},{"@type":"BreadcrumbList","@id":"https:\/\/healthcarepoland.pl\/pl\/o\/wiadomosci-hcpl\/#breadcrumb","itemListElement":[{"@type":"ListItem","position":1,"name":"Home","item":"https:\/\/healthcarepoland.pl\/pl\/"},{"@type":"ListItem","position":2,"name":"O","item":"https:\/\/healthcarepoland.pl\/pl\/?page_id=1340"},{"@type":"ListItem","position":3,"name":"Newsy HCPL"}]},{"@type":"WebSite","@id":"https:\/\/healthcarepoland.pl\/pl\/#website","url":"https:\/\/healthcarepoland.pl\/pl\/","name":"Healthcare Poland","description":"Promoting Poland&#039;s Healthcare","publisher":{"@id":"https:\/\/healthcarepoland.pl\/pl\/#organization"},"potentialAction":[{"@type":"SearchAction","target":{"@type":"EntryPoint","urlTemplate":"https:\/\/healthcarepoland.pl\/pl\/?s={search_term_string}"},"query-input":{"@type":"PropertyValueSpecification","valueRequired":true,"valueName":"search_term_string"}}],"inLanguage":"pl-PL"},{"@type":"Organization","@id":"https:\/\/healthcarepoland.pl\/pl\/#organization","name":"Healthcare Poland","url":"https:\/\/healthcarepoland.pl\/pl\/","logo":{"@type":"ImageObject","inLanguage":"pl-PL","@id":"https:\/\/healthcarepoland.pl\/pl\/#\/schema\/logo\/image\/","url":"https:\/\/i0.wp.com\/healthcarepoland.pl\/wp-content\/uploads\/2023\/11\/3.png?fit=1000%2C1000&ssl=1","contentUrl":"https:\/\/i0.wp.com\/healthcarepoland.pl\/wp-content\/uploads\/2023\/11\/3.png?fit=1000%2C1000&ssl=1","width":1000,"height":1000,"caption":"Healthcare Poland"},"image":{"@id":"https:\/\/healthcarepoland.pl\/pl\/#\/schema\/logo\/image\/"},"sameAs":["https:\/\/www.facebook.com\/healthcarepoland"]}]}},"jetpack_shortlink":"https:\/\/wp.me\/Pfg07v-lz","jetpack_sharing_enabled":true,"_links":{"self":[{"href":"https:\/\/healthcarepoland.pl\/pl\/wp-json\/wp\/v2\/pages\/1337","targetHints":{"allow":["GET"]}}],"collection":[{"href":"https:\/\/healthcarepoland.pl\/pl\/wp-json\/wp\/v2\/pages"}],"about":[{"href":"https:\/\/healthcarepoland.pl\/pl\/wp-json\/wp\/v2\/types\/page"}],"author":[{"embeddable":true,"href":"https:\/\/healthcarepoland.pl\/pl\/wp-json\/wp\/v2\/users\/2"}],"replies":[{"embeddable":true,"href":"https:\/\/healthcarepoland.pl\/pl\/wp-json\/wp\/v2\/comments?post=1337"}],"version-history":[{"count":4,"href":"https:\/\/healthcarepoland.pl\/pl\/wp-json\/wp\/v2\/pages\/1337\/revisions"}],"predecessor-version":[{"id":1424,"href":"https:\/\/healthcarepoland.pl\/pl\/wp-json\/wp\/v2\/pages\/1337\/revisions\/1424"}],"up":[{"embeddable":true,"href":"https:\/\/healthcarepoland.pl\/pl\/wp-json\/wp\/v2\/pages\/1340"}],"wp:featuredmedia":[{"embeddable":true,"href":"https:\/\/healthcarepoland.pl\/pl\/wp-json\/wp\/v2\/media\/1099"}],"wp:attachment":[{"href":"https:\/\/healthcarepoland.pl\/pl\/wp-json\/wp\/v2\/media?parent=1337"}],"curies":[{"name":"wp","href":"https:\/\/api.w.org\/{rel}","templated":true}]}}