{"id":1343,"date":"2023-11-19T23:34:19","date_gmt":"2023-11-19T23:34:19","guid":{"rendered":"http:\/\/healthcarepoland.pl\/faq\/"},"modified":"2025-01-05T19:14:47","modified_gmt":"2025-01-05T19:14:47","slug":"faq","status":"publish","type":"page","link":"https:\/\/healthcarepoland.pl\/pl\/faq\/","title":{"rendered":"FAQ"},"content":{"rendered":"\n<h3 class=\"wp-block-heading\">Masz pytania?<\/h3>\n\n<p class=\"\"><strong>Cz\u0119sto zadawane pytania<\/strong><\/p>\n\n<p class=\"\"><strong>1. Jak moja organizacja mo\u017ce wsp\u00f3\u0142pracowa\u0107 z Healthcare Poland?<\/strong><\/p>\n\n<ul class=\"wp-block-list\">\n<li class=\"\">Twoja organizacja mo\u017ce wsp\u00f3\u0142pracowa\u0107 z nami na r\u00f3\u017cne sposoby, w tym w zakresie transferu technologii, wsp\u00f3lnych projekt\u00f3w badawczych, inicjatyw ekspansji rynkowej, sponsorowania wydarze\u0144 i projekt\u00f3w CSR.\nDostosowujemy nasze modele wsp\u00f3\u0142pracy do cel\u00f3w naszych partner\u00f3w i naszej fundacji. <\/li>\n<\/ul>\n\n<p class=\"\"><strong>2. Czy poszczeg\u00f3lni specjali\u015bci mog\u0105 wnie\u015b\u0107 sw\u00f3j wk\u0142ad w inicjatywy Healthcare Poland?<\/strong><\/p>\n\n<ul class=\"wp-block-list\">\n<li class=\"\">Tak, poszczeg\u00f3lni specjali\u015bci, zw\u0142aszcza z sektora opieki zdrowotnej, mog\u0105 wnie\u015b\u0107 sw\u00f3j wk\u0142ad poprzez wolontariat, dzielenie si\u0119 wiedz\u0105 specjalistyczn\u0105 w konkretnych projektach lub uczestnictwo w programach edukacyjnych.<\/li>\n<\/ul>\n\n<p class=\"\"><strong>3. Czy istniej\u0105 mo\u017cliwo\u015bci wsparcia finansowego lub darowizn?<\/strong><\/p>\n\n<ul class=\"wp-block-list\">\n<li class=\"\">Absolutnie.\nCh\u0119tnie przyjmujemy datki finansowe, darowizny, dotacje lub sponsoring od podmiot\u00f3w i os\u00f3b prywatnych.\nWp\u0142aty te s\u0105 niezb\u0119dne do kontynuowania i rozszerzania naszych projekt\u00f3w opieki zdrowotnej.  <\/li>\n<\/ul>\n\n<p class=\"\"><strong>4. W jaki spos\u00f3b Healthcare Poland zapewnia zgodno\u015b\u0107 etyczn\u0105 i prawn\u0105 we wsp\u00f3\u0142pracy?<\/strong><\/p>\n\n<ul class=\"wp-block-list\">\n<li class=\"\">We wszystkich naszych dzia\u0142aniach \u015bci\u015ble przestrzegamy norm prawnych i etycznych.\nPrzejrzysto\u015b\u0107 i uczciwo\u015b\u0107 s\u0105 najwa\u017cniejsze we wszystkich naszych dzia\u0142aniach. <\/li>\n<\/ul>\n\n<p class=\"\"><strong>5. Czy firmy mog\u0105 wsp\u00f3\u0142pracowa\u0107 z Healthcare Poland w zakresie inicjatyw CSR?<\/strong><\/p>\n\n<ul class=\"wp-block-list\">\n<li class=\"\">Tak, wsp\u00f3\u0142pracujemy z korporacjami w zakresie inicjatyw CSR, kt\u00f3re s\u0105 zgodne z kampaniami na rzecz poprawy opieki zdrowotnej i zdrowia publicznego.<\/li>\n<\/ul>\n\n<p class=\"\"><strong>6. Czy firmy technologiczne mog\u0105 wsp\u00f3\u0142pracowa\u0107 z Healthcare Poland?<\/strong><\/p>\n\n<ul class=\"wp-block-list\">\n<li class=\"\">Zach\u0119camy firmy technologiczne do wsp\u00f3\u0142pracy z nami, zw\u0142aszcza w zakresie transferu technologii i wdra\u017cania innowacyjnych rozwi\u0105za\u0144 w zakresie opieki zdrowotnej.<\/li>\n<\/ul>\n\n<p class=\"\"><strong>7. Jak instytucje akademickie mog\u0105 wsp\u00f3\u0142pracowa\u0107 z Healthcare Poland?<\/strong><\/p>\n\n<ul class=\"wp-block-list\">\n<li class=\"\">Instytucje akademickie mog\u0105 anga\u017cowa\u0107 si\u0119 we wsp\u00f3\u0142prac\u0119 badawcz\u0105, wsp\u00f3lne badania i inicjatywy edukacyjne, kt\u00f3re przyczyniaj\u0105 si\u0119 do rozwoju bazy wiedzy sektora opieki zdrowotnej.<\/li>\n<\/ul>\n\n<p class=\"\"><strong>8. Jakie s\u0105 korzy\u015bci dla podmiot\u00f3w wsp\u00f3\u0142pracuj\u0105cych z Healthcare Poland?<\/strong><\/p>\n\n<ul class=\"wp-block-list\">\n<li class=\"\">Wsp\u00f3\u0142pracuj\u0105ce podmioty korzystaj\u0105 z widoczno\u015bci marki, dost\u0119pu do rynku, mo\u017cliwo\u015bci innowacji i rozwoju, a tak\u017ce spo\u0142ecznego wp\u0142ywu przyczyniania si\u0119 do poprawy opieki zdrowotnej.<\/li>\n<\/ul>\n\n<p class=\"\"><strong>9. Jak mog\u0119 uzyska\u0107 wi\u0119cej informacji na temat konkretnych mo\u017cliwo\u015bci wsp\u00f3\u0142pracy?<\/strong><\/p>\n\n<ul class=\"wp-block-list\">\n<li class=\"\">Aby uzyska\u0107 szczeg\u00f3\u0142owe informacje na temat mo\u017cliwo\u015bci wsp\u00f3\u0142pracy, prosimy o bezpo\u015bredni kontakt. Ch\u0119tnie om\u00f3wimy niestandardowe modele wsp\u00f3\u0142pracy w oparciu o konkretne zainteresowania i mocne strony Twojej organizacji.<\/li>\n<\/ul>\n\n<p class=\"\"><strong>10. Czy mo\u017cliwa jest mi\u0119dzynarodowa wsp\u00f3\u0142praca i partnerstwo z Healthcare Poland?<\/strong><\/p>\n\n<ul class=\"wp-block-list\">\n<li class=\"\">Tak, aktywnie poszukujemy i z zadowoleniem przyjmujemy mi\u0119dzynarodow\u0105 wsp\u00f3\u0142prac\u0119 i partnerstwa. Mog\u0105 one obejmowa\u0107 wsp\u00f3\u0142prac\u0119 badawcz\u0105, ekspansj\u0119 rynkow\u0105 i globalne inicjatywy zdrowotne.<\/li>\n<\/ul>\n\n<p class=\"\"><strong>11. Jak startupy lub innowatorzy mog\u0105 wsp\u00f3\u0142pracowa\u0107 z Healthcare Poland?<\/strong><\/p>\n\n<ul class=\"wp-block-list\">\n<li class=\"\">Startupy i innowatorzy mog\u0105 wsp\u00f3\u0142pracowa\u0107 z nami nad projektami pilota\u017cowymi, rozwojem technologii i innowacyjnymi rozwi\u0105zaniami w zakresie opieki zdrowotnej. Zapewniamy platform\u0119 do testowania i skalowania obiecuj\u0105cych innowacji w zakresie opieki zdrowotnej.<\/li>\n<\/ul>\n\n<p class=\"\"><strong>12. Czy istnieje proces sk\u0142adania propozycji wsp\u00f3\u0142pracy?<\/strong><\/p>\n\n<ul class=\"wp-block-list\">\n<li class=\"\">Zainteresowane strony powinny z\u0142o\u017cy\u0107 szczeg\u00f3\u0142ow\u0105 propozycj\u0119 okre\u015blaj\u0105c\u0105 charakter wsp\u00f3\u0142pracy, cele i oczekiwane wyniki. Nasz zesp\u00f3\u0142 przeanalizuje propozycj\u0119 i skontaktuje si\u0119 w celu om\u00f3wienia dalszych krok\u00f3w.<\/li>\n<\/ul>\n\n<p class=\"\"><strong>13. Czy Healthcare Poland mo\u017ce pom\u00f3c w dost\u0119pie do nowych rynk\u00f3w dla produkt\u00f3w medycznych?<\/strong><\/p>\n\n<ul class=\"wp-block-list\">\n<li class=\"\">Mo\u017cemy pom\u00f3c w strategiach dost\u0119pu do rynku, wykorzystuj\u0105c nasz\u0105 sie\u0107 i do\u015bwiadczenie w sektorze opieki zdrowotnej, aby pom\u00f3c w poruszaniu si\u0119 po \u015brodowiskach regulacyjnych i ustanowieniu obecno\u015bci na rynku.<\/li>\n<\/ul>\n\n<p class=\"\"><strong>14. Czy Healthcare Poland oferuje jakiekolwiek programy edukacyjne lub szkoleniowe?<\/strong><\/p>\n\n<ul class=\"wp-block-list\">\n<li class=\"\">Tak, oferujemy r\u00f3\u017cne programy edukacyjne i szkoleniowe skierowane do pracownik\u00f3w s\u0142u\u017cby zdrowia, badaczy i student\u00f3w. Programy te koncentruj\u0105 si\u0119 na najnowszych trendach w opiece zdrowotnej, technologiach i najlepszych praktykach.<\/li>\n<\/ul>\n\n<p class=\"\"><strong>15. W jaki spos\u00f3b Healthcare Poland zapewnia trwa\u0142o\u015b\u0107 swoich projekt\u00f3w i wsp\u00f3\u0142pracy?<\/strong><\/p>\n\n<ul class=\"wp-block-list\">\n<li class=\"\">Koncentrujemy si\u0119 na tworzeniu d\u0142ugoterminowej warto\u015bci i wp\u0142ywu poprzez zr\u00f3wnowa\u017cone planowanie projekt\u00f3w, ci\u0105g\u0142e monitorowanie i dostosowywanie si\u0119 do zmieniaj\u0105cych si\u0119 potrzeb i \u015brodowisk opieki zdrowotnej.<\/li>\n<\/ul>\n\n<p class=\"\"><strong>16. Czy istniej\u0105 konkretne sektory opieki zdrowotnej, na kt\u00f3rych koncentruje si\u0119 Healthcare Poland?<\/strong><\/p>\n\n<ul class=\"wp-block-list\">\n<li class=\"\">Healthcare Poland koncentruje si\u0119 na turystyce medycznej, jednak nasze zainteresowania obejmuj\u0105 wiele sektor\u00f3w opieki zdrowotnej, w tym technologi\u0119 medyczn\u0105, zdrowie publiczne, edukacj\u0119 zdrowotn\u0105 oraz badania i rozw\u00f3j.  <\/li>\n<\/ul>\n\n<p class=\"\"><strong>17. Jak wolontariusze mog\u0105 zaanga\u017cowa\u0107 si\u0119 w dzia\u0142ania Healthcare Poland?<\/strong><\/p>\n\n<ul class=\"wp-block-list\">\n<li class=\"\">Wolontariusze mog\u0105 anga\u017cowa\u0107 si\u0119 na r\u00f3\u017cne sposoby, w zale\u017cno\u015bci od swoich umiej\u0119tno\u015bci i zainteresowa\u0144. Mo\u017cliwo\u015bci obejmuj\u0105 organizacj\u0119 wydarze\u0144, dzia\u0142ania na rzecz spo\u0142eczno\u015bci i wspieranie bie\u017c\u0105cych projekt\u00f3w.<\/li>\n<\/ul>\n\n<p class=\"\"><strong>18. Jaki wp\u0142yw ma Healthcare Poland na sektor opieki zdrowotnej?<\/strong><\/p>\n\n<ul class=\"wp-block-list\">\n<li class=\"\">Nasz wp\u0142yw obejmuje post\u0119py w technologii opieki zdrowotnej, wk\u0142ad w polityk\u0119 zdrowia publicznego, udane partnerstwa prowadz\u0105ce do poprawy opieki zdrowotnej oraz siln\u0105 sie\u0107 specjalist\u00f3w i organizacji opieki zdrowotnej.<\/li>\n<\/ul>\n\n<p class=\"\"><strong>19. Jak mog\u0119 by\u0107 na bie\u017c\u0105co z dzia\u0142aniami i mo\u017cliwo\u015bciami Healthcare Poland?<\/strong><\/p>\n\n<ul class=\"wp-block-list\">\n<li class=\"\">Mo\u017cesz zapisa\u0107 si\u0119 do naszego newslettera, \u015bledzi\u0107 nas w mediach spo\u0142eczno\u015bciowych lub regularnie odwiedza\u0107 nasz\u0105 stron\u0119 internetow\u0105, aby uzyska\u0107 najnowsze aktualizacje i mo\u017cliwo\u015bci.<\/li>\n<\/ul>\n\n<p class=\"\"><strong>20. Czy Healthcare Poland jest cz\u0142onkiem jakiejkolwiek organizacji krajowej lub mi\u0119dzynarodowej?<\/strong><\/p>\n\n<ul class=\"wp-block-list\">\n<li class=\"\">Tak, jeste\u015bmy cz\u0142onkiem wykonawczym <a href=\"https:\/\/globalhtc.org\/\">Global Healthcare Travel Council<\/a> i partnerem <a href=\"https:\/\/pfsz.org\">Polskiej Federacji Szpitali<\/a>.<\/li>\n<\/ul>\n","protected":false},"excerpt":{"rendered":"<p>Masz pytania? Cz\u0119sto zadawane pytania 1. Jak moja organizacja mo\u017ce wsp\u00f3\u0142pracowa\u0107 z Healthcare Poland? 2. Czy poszczeg\u00f3lni specjali\u015bci mog\u0105 wnie\u015b\u0107 sw\u00f3j wk\u0142ad w inicjatywy Healthcare Poland? 3. Czy istniej\u0105 mo\u017cliwo\u015bci wsparcia finansowego lub darowizn? 4. W jaki spos\u00f3b Healthcare Poland zapewnia zgodno\u015b\u0107 etyczn\u0105 i prawn\u0105 we wsp\u00f3\u0142pracy? 5. Czy firmy mog\u0105 wsp\u00f3\u0142pracowa\u0107 z Healthcare Poland [&hellip;]<\/p>\n","protected":false},"author":1,"featured_media":1029,"parent":0,"menu_order":0,"comment_status":"closed","ping_status":"closed","template":"sidebar-left","meta":{"nf_dc_page":"","jetpack_post_was_ever_published":true,"footnotes":""},"class_list":["post-1343","page","type-page","status-publish","has-post-thumbnail","hentry"],"yoast_head":"<!-- This site is optimized with the Yoast SEO plugin v27.4 - https:\/\/yoast.com\/product\/yoast-seo-wordpress\/ -->\n<title>FAQ - Healthcare Poland<\/title>\n<meta name=\"robots\" content=\"index, follow, max-snippet:-1, max-image-preview:large, max-video-preview:-1\" \/>\n<link rel=\"canonical\" href=\"https:\/\/healthcarepoland.pl\/pl\/faq\/\" \/>\n<meta property=\"og:locale\" content=\"pl_PL\" \/>\n<meta property=\"og:type\" content=\"article\" \/>\n<meta property=\"og:title\" content=\"FAQ - Healthcare Poland\" \/>\n<meta property=\"og:description\" content=\"Masz pytania? Cz\u0119sto zadawane pytania 1. Jak moja organizacja mo\u017ce wsp\u00f3\u0142pracowa\u0107 z Healthcare Poland? 2. Czy poszczeg\u00f3lni specjali\u015bci mog\u0105 wnie\u015b\u0107 sw\u00f3j wk\u0142ad w inicjatywy Healthcare Poland? 3. Czy istniej\u0105 mo\u017cliwo\u015bci wsparcia finansowego lub darowizn? 4. W jaki spos\u00f3b Healthcare Poland zapewnia zgodno\u015b\u0107 etyczn\u0105 i prawn\u0105 we wsp\u00f3\u0142pracy? 5. Czy firmy mog\u0105 wsp\u00f3\u0142pracowa\u0107 z Healthcare Poland [&hellip;]\" \/>\n<meta property=\"og:url\" content=\"https:\/\/healthcarepoland.pl\/pl\/faq\/\" \/>\n<meta property=\"og:site_name\" content=\"Healthcare Poland\" \/>\n<meta property=\"article:publisher\" content=\"https:\/\/www.facebook.com\/healthcarepoland\" \/>\n<meta property=\"article:modified_time\" content=\"2025-01-05T19:14:47+00:00\" \/>\n<meta property=\"og:image\" content=\"https:\/\/i0.wp.com\/healthcarepoland.pl\/wp-content\/uploads\/2023\/11\/AdobeStock_256820293-scaled.jpeg?fit=2560%2C1200&ssl=1\" \/>\n\t<meta property=\"og:image:width\" content=\"2560\" \/>\n\t<meta property=\"og:image:height\" content=\"1200\" \/>\n\t<meta property=\"og:image:type\" content=\"image\/jpeg\" \/>\n<meta name=\"twitter:card\" content=\"summary_large_image\" \/>\n<meta name=\"twitter:label1\" content=\"Szacowany czas czytania\" \/>\n\t<meta name=\"twitter:data1\" content=\"4 minuty\" \/>\n<script type=\"application\/ld+json\" class=\"yoast-schema-graph\">{\"@context\":\"https:\\\/\\\/schema.org\",\"@graph\":[{\"@type\":\"WebPage\",\"@id\":\"https:\\\/\\\/healthcarepoland.pl\\\/pl\\\/faq\\\/\",\"url\":\"https:\\\/\\\/healthcarepoland.pl\\\/pl\\\/faq\\\/\",\"name\":\"FAQ - Healthcare Poland\",\"isPartOf\":{\"@id\":\"https:\\\/\\\/healthcarepoland.pl\\\/pl\\\/#website\"},\"primaryImageOfPage\":{\"@id\":\"https:\\\/\\\/healthcarepoland.pl\\\/pl\\\/faq\\\/#primaryimage\"},\"image\":{\"@id\":\"https:\\\/\\\/healthcarepoland.pl\\\/pl\\\/faq\\\/#primaryimage\"},\"thumbnailUrl\":\"https:\\\/\\\/i0.wp.com\\\/healthcarepoland.pl\\\/wp-content\\\/uploads\\\/2023\\\/11\\\/AdobeStock_256820293-scaled.jpeg?fit=2560%2C1200&ssl=1\",\"datePublished\":\"2023-11-19T23:34:19+00:00\",\"dateModified\":\"2025-01-05T19:14:47+00:00\",\"breadcrumb\":{\"@id\":\"https:\\\/\\\/healthcarepoland.pl\\\/pl\\\/faq\\\/#breadcrumb\"},\"inLanguage\":\"pl-PL\",\"potentialAction\":[{\"@type\":\"ReadAction\",\"target\":[\"https:\\\/\\\/healthcarepoland.pl\\\/pl\\\/faq\\\/\"]}]},{\"@type\":\"ImageObject\",\"inLanguage\":\"pl-PL\",\"@id\":\"https:\\\/\\\/healthcarepoland.pl\\\/pl\\\/faq\\\/#primaryimage\",\"url\":\"https:\\\/\\\/i0.wp.com\\\/healthcarepoland.pl\\\/wp-content\\\/uploads\\\/2023\\\/11\\\/AdobeStock_256820293-scaled.jpeg?fit=2560%2C1200&ssl=1\",\"contentUrl\":\"https:\\\/\\\/i0.wp.com\\\/healthcarepoland.pl\\\/wp-content\\\/uploads\\\/2023\\\/11\\\/AdobeStock_256820293-scaled.jpeg?fit=2560%2C1200&ssl=1\",\"width\":2560,\"height\":1200,\"caption\":\"Health puzzle - complexity, difficulty, problems and challenges of a complicated concept idea pictured as a jigsaw puzzle tiles with a English word, 3d illustration\"},{\"@type\":\"BreadcrumbList\",\"@id\":\"https:\\\/\\\/healthcarepoland.pl\\\/pl\\\/faq\\\/#breadcrumb\",\"itemListElement\":[{\"@type\":\"ListItem\",\"position\":1,\"name\":\"Home\",\"item\":\"https:\\\/\\\/healthcarepoland.pl\\\/pl\\\/\"},{\"@type\":\"ListItem\",\"position\":2,\"name\":\"FAQ\"}]},{\"@type\":\"WebSite\",\"@id\":\"https:\\\/\\\/healthcarepoland.pl\\\/pl\\\/#website\",\"url\":\"https:\\\/\\\/healthcarepoland.pl\\\/pl\\\/\",\"name\":\"Healthcare Poland\",\"description\":\"Promoting Poland&#039;s Healthcare\",\"publisher\":{\"@id\":\"https:\\\/\\\/healthcarepoland.pl\\\/pl\\\/#organization\"},\"potentialAction\":[{\"@type\":\"SearchAction\",\"target\":{\"@type\":\"EntryPoint\",\"urlTemplate\":\"https:\\\/\\\/healthcarepoland.pl\\\/pl\\\/?s={search_term_string}\"},\"query-input\":{\"@type\":\"PropertyValueSpecification\",\"valueRequired\":true,\"valueName\":\"search_term_string\"}}],\"inLanguage\":\"pl-PL\"},{\"@type\":\"Organization\",\"@id\":\"https:\\\/\\\/healthcarepoland.pl\\\/pl\\\/#organization\",\"name\":\"Healthcare Poland\",\"url\":\"https:\\\/\\\/healthcarepoland.pl\\\/pl\\\/\",\"logo\":{\"@type\":\"ImageObject\",\"inLanguage\":\"pl-PL\",\"@id\":\"https:\\\/\\\/healthcarepoland.pl\\\/pl\\\/#\\\/schema\\\/logo\\\/image\\\/\",\"url\":\"https:\\\/\\\/i0.wp.com\\\/healthcarepoland.pl\\\/wp-content\\\/uploads\\\/2023\\\/11\\\/3.png?fit=1000%2C1000&ssl=1\",\"contentUrl\":\"https:\\\/\\\/i0.wp.com\\\/healthcarepoland.pl\\\/wp-content\\\/uploads\\\/2023\\\/11\\\/3.png?fit=1000%2C1000&ssl=1\",\"width\":1000,\"height\":1000,\"caption\":\"Healthcare Poland\"},\"image\":{\"@id\":\"https:\\\/\\\/healthcarepoland.pl\\\/pl\\\/#\\\/schema\\\/logo\\\/image\\\/\"},\"sameAs\":[\"https:\\\/\\\/www.facebook.com\\\/healthcarepoland\"]}]}<\/script>\n<!-- \/ Yoast SEO plugin. -->","yoast_head_json":{"title":"FAQ - Healthcare Poland","robots":{"index":"index","follow":"follow","max-snippet":"max-snippet:-1","max-image-preview":"max-image-preview:large","max-video-preview":"max-video-preview:-1"},"canonical":"https:\/\/healthcarepoland.pl\/pl\/faq\/","og_locale":"pl_PL","og_type":"article","og_title":"FAQ - Healthcare Poland","og_description":"Masz pytania? Cz\u0119sto zadawane pytania 1. Jak moja organizacja mo\u017ce wsp\u00f3\u0142pracowa\u0107 z Healthcare Poland? 2. Czy poszczeg\u00f3lni specjali\u015bci mog\u0105 wnie\u015b\u0107 sw\u00f3j wk\u0142ad w inicjatywy Healthcare Poland? 3. Czy istniej\u0105 mo\u017cliwo\u015bci wsparcia finansowego lub darowizn? 4. W jaki spos\u00f3b Healthcare Poland zapewnia zgodno\u015b\u0107 etyczn\u0105 i prawn\u0105 we wsp\u00f3\u0142pracy? 5. Czy firmy mog\u0105 wsp\u00f3\u0142pracowa\u0107 z Healthcare Poland [&hellip;]","og_url":"https:\/\/healthcarepoland.pl\/pl\/faq\/","og_site_name":"Healthcare Poland","article_publisher":"https:\/\/www.facebook.com\/healthcarepoland","article_modified_time":"2025-01-05T19:14:47+00:00","og_image":[{"width":2560,"height":1200,"url":"https:\/\/i0.wp.com\/healthcarepoland.pl\/wp-content\/uploads\/2023\/11\/AdobeStock_256820293-scaled.jpeg?fit=2560%2C1200&ssl=1","type":"image\/jpeg"}],"twitter_card":"summary_large_image","twitter_misc":{"Szacowany czas czytania":"4 minuty"},"schema":{"@context":"https:\/\/schema.org","@graph":[{"@type":"WebPage","@id":"https:\/\/healthcarepoland.pl\/pl\/faq\/","url":"https:\/\/healthcarepoland.pl\/pl\/faq\/","name":"FAQ - Healthcare Poland","isPartOf":{"@id":"https:\/\/healthcarepoland.pl\/pl\/#website"},"primaryImageOfPage":{"@id":"https:\/\/healthcarepoland.pl\/pl\/faq\/#primaryimage"},"image":{"@id":"https:\/\/healthcarepoland.pl\/pl\/faq\/#primaryimage"},"thumbnailUrl":"https:\/\/i0.wp.com\/healthcarepoland.pl\/wp-content\/uploads\/2023\/11\/AdobeStock_256820293-scaled.jpeg?fit=2560%2C1200&ssl=1","datePublished":"2023-11-19T23:34:19+00:00","dateModified":"2025-01-05T19:14:47+00:00","breadcrumb":{"@id":"https:\/\/healthcarepoland.pl\/pl\/faq\/#breadcrumb"},"inLanguage":"pl-PL","potentialAction":[{"@type":"ReadAction","target":["https:\/\/healthcarepoland.pl\/pl\/faq\/"]}]},{"@type":"ImageObject","inLanguage":"pl-PL","@id":"https:\/\/healthcarepoland.pl\/pl\/faq\/#primaryimage","url":"https:\/\/i0.wp.com\/healthcarepoland.pl\/wp-content\/uploads\/2023\/11\/AdobeStock_256820293-scaled.jpeg?fit=2560%2C1200&ssl=1","contentUrl":"https:\/\/i0.wp.com\/healthcarepoland.pl\/wp-content\/uploads\/2023\/11\/AdobeStock_256820293-scaled.jpeg?fit=2560%2C1200&ssl=1","width":2560,"height":1200,"caption":"Health puzzle - complexity, difficulty, problems and challenges of a complicated concept idea pictured as a jigsaw puzzle tiles with a English word, 3d illustration"},{"@type":"BreadcrumbList","@id":"https:\/\/healthcarepoland.pl\/pl\/faq\/#breadcrumb","itemListElement":[{"@type":"ListItem","position":1,"name":"Home","item":"https:\/\/healthcarepoland.pl\/pl\/"},{"@type":"ListItem","position":2,"name":"FAQ"}]},{"@type":"WebSite","@id":"https:\/\/healthcarepoland.pl\/pl\/#website","url":"https:\/\/healthcarepoland.pl\/pl\/","name":"Healthcare Poland","description":"Promoting Poland&#039;s Healthcare","publisher":{"@id":"https:\/\/healthcarepoland.pl\/pl\/#organization"},"potentialAction":[{"@type":"SearchAction","target":{"@type":"EntryPoint","urlTemplate":"https:\/\/healthcarepoland.pl\/pl\/?s={search_term_string}"},"query-input":{"@type":"PropertyValueSpecification","valueRequired":true,"valueName":"search_term_string"}}],"inLanguage":"pl-PL"},{"@type":"Organization","@id":"https:\/\/healthcarepoland.pl\/pl\/#organization","name":"Healthcare Poland","url":"https:\/\/healthcarepoland.pl\/pl\/","logo":{"@type":"ImageObject","inLanguage":"pl-PL","@id":"https:\/\/healthcarepoland.pl\/pl\/#\/schema\/logo\/image\/","url":"https:\/\/i0.wp.com\/healthcarepoland.pl\/wp-content\/uploads\/2023\/11\/3.png?fit=1000%2C1000&ssl=1","contentUrl":"https:\/\/i0.wp.com\/healthcarepoland.pl\/wp-content\/uploads\/2023\/11\/3.png?fit=1000%2C1000&ssl=1","width":1000,"height":1000,"caption":"Healthcare Poland"},"image":{"@id":"https:\/\/healthcarepoland.pl\/pl\/#\/schema\/logo\/image\/"},"sameAs":["https:\/\/www.facebook.com\/healthcarepoland"]}]}},"jetpack_shortlink":"https:\/\/wp.me\/Pfg07v-lF","jetpack_sharing_enabled":true,"_links":{"self":[{"href":"https:\/\/healthcarepoland.pl\/pl\/wp-json\/wp\/v2\/pages\/1343","targetHints":{"allow":["GET"]}}],"collection":[{"href":"https:\/\/healthcarepoland.pl\/pl\/wp-json\/wp\/v2\/pages"}],"about":[{"href":"https:\/\/healthcarepoland.pl\/pl\/wp-json\/wp\/v2\/types\/page"}],"author":[{"embeddable":true,"href":"https:\/\/healthcarepoland.pl\/pl\/wp-json\/wp\/v2\/users\/1"}],"replies":[{"embeddable":true,"href":"https:\/\/healthcarepoland.pl\/pl\/wp-json\/wp\/v2\/comments?post=1343"}],"version-history":[{"count":4,"href":"https:\/\/healthcarepoland.pl\/pl\/wp-json\/wp\/v2\/pages\/1343\/revisions"}],"predecessor-version":[{"id":1432,"href":"https:\/\/healthcarepoland.pl\/pl\/wp-json\/wp\/v2\/pages\/1343\/revisions\/1432"}],"wp:featuredmedia":[{"embeddable":true,"href":"https:\/\/healthcarepoland.pl\/pl\/wp-json\/wp\/v2\/media\/1029"}],"wp:attachment":[{"href":"https:\/\/healthcarepoland.pl\/pl\/wp-json\/wp\/v2\/media?parent=1343"}],"curies":[{"name":"wp","href":"https:\/\/api.w.org\/{rel}","templated":true}]}}