{"id":1433,"date":"2023-11-19T23:34:19","date_gmt":"2023-11-19T23:34:19","guid":{"rendered":"http:\/\/healthcarepoland.pl\/faq\/polityka-prywatnosci\/"},"modified":"2025-01-05T19:22:57","modified_gmt":"2025-01-05T19:22:57","slug":"polityka-prywatnosci","status":"publish","type":"page","link":"https:\/\/healthcarepoland.pl\/pl\/faq\/polityka-prywatnosci\/","title":{"rendered":"Polityka Prywatno\u015bci"},"content":{"rendered":"\n<h2 class=\"wp-block-heading\"><strong>Kim jeste\u015bmy<\/strong><\/h2>\n\n<p class=\"\">Nasza strona to: <a href=\"https:\/\/healthcarepoland.pl\/pl\/\">https:\/\/healthcarepoland.pl<\/a>.<\/p>\n\n<h2 class=\"wp-block-heading\"><strong>Przetwarzanie danych osobowych w partnerstwie z Fundacj\u0105 Healthcare Poland<\/strong><\/h2>\n\n<ol class=\"wp-block-list\">\n<li class=\"\"><strong>Cele Zbierania i Przetwarzania danych<\/strong>:\n<ul class=\"wp-block-list\">\n<li class=\"\"><strong>Przedstawiciele podmiot\u00f3w wspieraj\u0105cych<\/strong>: Gromadzimy imiona i nazwiska, numery kontaktowe, stanowiska oraz adresy e-mail os\u00f3b upowa\u017cnionych do reprezentowania podmiot\u00f3w wspieraj\u0105cych Fundacj\u0119 Healthcare Poland. Dane te, zawarte w deklaracji cz\u0142onkowskiej, s\u0105 wykorzystywane do dzia\u0142a\u0144 zwi\u0105zanych z byciem partnerem Fundacji, w szczeg\u00f3lno\u015bci do realizacji praw i obowi\u0105zk\u00f3w wynikaj\u0105cych ze statutu Fundacji oraz do wysy\u0142ania newsletter\u00f3w z aktualno\u015bciami dotycz\u0105cymi HCPL, zgodnie z art. 6 ust. 1 lit. f RODO. <\/li>\n\n\n\n<li class=\"\"><strong>Partnerzy indywidualni<\/strong>: Imiona i nazwiska, numery kontaktowe, adresy e-mail, numery identyfikacji podatkowej (NIP), stanowiska i adresy poszczeg\u00f3lnych partner\u00f3w s\u0105 gromadzone w celu realizacji umowy na podstawie art. 6 ust. 1 lit. b) lub c) RODO. Obejmuje to rozliczenia zgodnie z wymogami prawnymi oraz prawami i obowi\u0105zkami cz\u0142onk\u00f3w, zgodnie z deklaracj\u0105 cz\u0142onkowsk\u0105.<\/li>\n\n\n\n<li class=\"\"><strong>Kierownictwo podmiot\u00f3w medycznych wsp\u00f3\u0142pracuj\u0105cych z Fundacj\u0105<\/strong>: Imiona i nazwiska, stanowiska, s\u0142u\u017cbowe adresy e-mail i s\u0142u\u017cbowe numery telefon\u00f3w os\u00f3b zarz\u0105dzaj\u0105cych podmiotami leczniczymi wsp\u00f3\u0142pracuj\u0105cymi z Fundacj\u0105 pozyskiwane s\u0105 z deklaracji cz\u0142onkowskiej lub ze \u017ar\u00f3de\u0142 publicznych, w tym z Krajowego Rejestru S\u0105dowego (KRS) i strony internetowej plac\u00f3wki medycznej. Dane te s\u0105 wykorzystywane do dzia\u0142a\u0144 zwi\u0105zanych z byciem partnerem Fundacji, w szczeg\u00f3lno\u015bci do realizacji praw i obowi\u0105zk\u00f3w wynikaj\u0105cych ze statutu Fundacji oraz do wysy\u0142ania newsletter\u00f3w z aktualno\u015bciami dotycz\u0105cymi HCPL. <\/li>\n<\/ul>\n<\/li>\n\n\n\n<li class=\"\"><strong>Mi\u0119dzynarodowy transfer danych<\/strong>: Dane osobowe mog\u0105 by\u0107 przekazywane do kraj\u00f3w trzecich.<\/li>\n\n\n\n<li class=\"\"><strong>Ujawnianie danych<\/strong>: Dane osobowe mog\u0105 by\u0107 ujawniane podmiotom \u015bwiadcz\u0105cym na rzecz HCPL us\u0142ugi wsparcia technicznego i administracyjnego.<\/li>\n\n\n\n<li class=\"\"><strong>Przechowywanie danych<\/strong>: Dane osobowe b\u0119d\u0105 przechowywane przez okres trwania wsp\u00f3\u0142pracy z HCPL oraz przez okres, w kt\u00f3rym roszczenia pomi\u0119dzy HCPL a jej cz\u0142onkiem\/partnerem mog\u0105 ulec przedawnieniu.<\/li>\n\n\n\n<li class=\"\"><strong>Wym\u00f3g podania danych<\/strong>: Podanie danych osobowych, o kt\u00f3rych mowa w pkt 1a i 1b jest niezb\u0119dne do realizacji umowy i przyst\u0105pienia do HCPL. Odmowa podania tych danych mo\u017ce uniemo\u017cliwi\u0107 cz\u0142onkostwo lub inne formy wsp\u00f3\u0142pracy z Fundacj\u0105 Healthcare Poland. <\/li>\n\n\n\n<li class=\"\"><strong>Twoje Prawa<\/strong>: Masz prawo do:\n<ul class=\"wp-block-list\">\n<li class=\"\">Uzyskaj dost\u0119p do swoich danych osobowych;<\/li>\n\n\n\n<li class=\"\">\u017b\u0105danie korekty swoich danych;<\/li>\n\n\n\n<li class=\"\">Za\u017c\u0105da\u0107 usuni\u0119cia swoich danych;<\/li>\n\n\n\n<li class=\"\">\u017b\u0105dania ograniczenia przetwarzania danych;<\/li>\n\n\n\n<li class=\"\">Sprzeciwi\u0107 si\u0119 lub zgodzi\u0107 wobec przetwarzania danych;<\/li>\n\n\n\n<li class=\"\">\u017b\u0105danie przeniesienia danych osobowych.<\/li>\n<\/ul>\n<\/li>\n\n\n\n<li class=\"\"><strong>Skargi<\/strong>: Przys\u0142uguje Pani\/Panu prawo wniesienia skargi do organu nadzorczego, tj. Prezesa Urz\u0119du Ochrony Danych Osobowych w Warszawie, w zwi\u0105zku z przetwarzaniem przez HCPL Pani\/Pana danych osobowych.<\/li>\n\n\n\n<li class=\"\"><strong>Zautomatyzowane podejmowanie decyzji<\/strong>: Dane u\u017cytkownika nie b\u0119d\u0105 wykorzystywane do zautomatyzowanego podejmowania decyzji, w tym profilowania.<\/li>\n\n\n\n<li class=\"\"><strong>Kontakt w sprawie praw do ochrony danych<\/strong>: Aby skorzysta\u0107 ze swoich praw do ochrony danych, nale\u017cy skontaktowa\u0107 si\u0119 z HCPL, wysy\u0142aj\u0105c wiadomo\u015b\u0107 e-mail na adres: <a href=\"mailto:gdpr@healthcarepoland.pl\">gdpr@healthcarepoland.pl<\/a>.<\/li>\n<\/ol>\n","protected":false},"excerpt":{"rendered":"<p>Kim jeste\u015bmy Nasza strona to: https:\/\/healthcarepoland.pl. Przetwarzanie danych osobowych w partnerstwie z Fundacj\u0105 Healthcare Poland<\/p>\n","protected":false},"author":1,"featured_media":1040,"parent":1343,"menu_order":0,"comment_status":"closed","ping_status":"closed","template":"","meta":{"nf_dc_page":"","jetpack_post_was_ever_published":false,"footnotes":""},"class_list":["post-1433","page","type-page","status-publish","has-post-thumbnail","hentry"],"yoast_head":"<!-- This site is optimized with the Yoast SEO plugin v27.4 - https:\/\/yoast.com\/product\/yoast-seo-wordpress\/ -->\n<title>Polityka Prywatno\u015bci - Healthcare Poland<\/title>\n<meta name=\"robots\" content=\"index, follow, max-snippet:-1, max-image-preview:large, max-video-preview:-1\" \/>\n<link rel=\"canonical\" href=\"https:\/\/healthcarepoland.pl\/pl\/faq\/polityka-prywatnosci\/\" \/>\n<meta property=\"og:locale\" content=\"pl_PL\" \/>\n<meta property=\"og:type\" content=\"article\" \/>\n<meta property=\"og:title\" content=\"Polityka Prywatno\u015bci - Healthcare Poland\" \/>\n<meta property=\"og:description\" content=\"Kim jeste\u015bmy Nasza strona to: https:\/\/healthcarepoland.pl. Przetwarzanie danych osobowych w partnerstwie z Fundacj\u0105 Healthcare Poland\" \/>\n<meta property=\"og:url\" content=\"https:\/\/healthcarepoland.pl\/pl\/faq\/polityka-prywatnosci\/\" \/>\n<meta property=\"og:site_name\" content=\"Healthcare Poland\" \/>\n<meta property=\"article:publisher\" content=\"https:\/\/www.facebook.com\/healthcarepoland\" \/>\n<meta property=\"article:modified_time\" content=\"2025-01-05T19:22:57+00:00\" \/>\n<meta property=\"og:image\" content=\"https:\/\/i0.wp.com\/healthcarepoland.pl\/wp-content\/uploads\/2023\/11\/2.png?fit=1000%2C1000&ssl=1\" \/>\n\t<meta property=\"og:image:width\" content=\"1000\" \/>\n\t<meta property=\"og:image:height\" content=\"1000\" \/>\n\t<meta property=\"og:image:type\" content=\"image\/png\" \/>\n<meta name=\"twitter:card\" content=\"summary_large_image\" \/>\n<meta name=\"twitter:label1\" content=\"Szacowany czas czytania\" \/>\n\t<meta name=\"twitter:data1\" content=\"2 minuty\" \/>\n<script type=\"application\/ld+json\" class=\"yoast-schema-graph\">{\"@context\":\"https:\\\/\\\/schema.org\",\"@graph\":[{\"@type\":\"WebPage\",\"@id\":\"https:\\\/\\\/healthcarepoland.pl\\\/pl\\\/faq\\\/polityka-prywatnosci\\\/\",\"url\":\"https:\\\/\\\/healthcarepoland.pl\\\/pl\\\/faq\\\/polityka-prywatnosci\\\/\",\"name\":\"Polityka Prywatno\u015bci - Healthcare Poland\",\"isPartOf\":{\"@id\":\"https:\\\/\\\/healthcarepoland.pl\\\/pl\\\/#website\"},\"primaryImageOfPage\":{\"@id\":\"https:\\\/\\\/healthcarepoland.pl\\\/pl\\\/faq\\\/polityka-prywatnosci\\\/#primaryimage\"},\"image\":{\"@id\":\"https:\\\/\\\/healthcarepoland.pl\\\/pl\\\/faq\\\/polityka-prywatnosci\\\/#primaryimage\"},\"thumbnailUrl\":\"https:\\\/\\\/i0.wp.com\\\/healthcarepoland.pl\\\/wp-content\\\/uploads\\\/2023\\\/11\\\/2.png?fit=1000%2C1000&ssl=1\",\"datePublished\":\"2023-11-19T23:34:19+00:00\",\"dateModified\":\"2025-01-05T19:22:57+00:00\",\"breadcrumb\":{\"@id\":\"https:\\\/\\\/healthcarepoland.pl\\\/pl\\\/faq\\\/polityka-prywatnosci\\\/#breadcrumb\"},\"inLanguage\":\"pl-PL\",\"potentialAction\":[{\"@type\":\"ReadAction\",\"target\":[\"https:\\\/\\\/healthcarepoland.pl\\\/pl\\\/faq\\\/polityka-prywatnosci\\\/\"]}]},{\"@type\":\"ImageObject\",\"inLanguage\":\"pl-PL\",\"@id\":\"https:\\\/\\\/healthcarepoland.pl\\\/pl\\\/faq\\\/polityka-prywatnosci\\\/#primaryimage\",\"url\":\"https:\\\/\\\/i0.wp.com\\\/healthcarepoland.pl\\\/wp-content\\\/uploads\\\/2023\\\/11\\\/2.png?fit=1000%2C1000&ssl=1\",\"contentUrl\":\"https:\\\/\\\/i0.wp.com\\\/healthcarepoland.pl\\\/wp-content\\\/uploads\\\/2023\\\/11\\\/2.png?fit=1000%2C1000&ssl=1\",\"width\":1000,\"height\":1000},{\"@type\":\"BreadcrumbList\",\"@id\":\"https:\\\/\\\/healthcarepoland.pl\\\/pl\\\/faq\\\/polityka-prywatnosci\\\/#breadcrumb\",\"itemListElement\":[{\"@type\":\"ListItem\",\"position\":1,\"name\":\"Home\",\"item\":\"https:\\\/\\\/healthcarepoland.pl\\\/pl\\\/\"},{\"@type\":\"ListItem\",\"position\":2,\"name\":\"FAQ\",\"item\":\"https:\\\/\\\/healthcarepoland.pl\\\/pl\\\/sample-page\\\/\"},{\"@type\":\"ListItem\",\"position\":3,\"name\":\"Polityka Prywatno\u015bci\"}]},{\"@type\":\"WebSite\",\"@id\":\"https:\\\/\\\/healthcarepoland.pl\\\/pl\\\/#website\",\"url\":\"https:\\\/\\\/healthcarepoland.pl\\\/pl\\\/\",\"name\":\"Healthcare Poland\",\"description\":\"Promoting Poland&#039;s Healthcare\",\"publisher\":{\"@id\":\"https:\\\/\\\/healthcarepoland.pl\\\/pl\\\/#organization\"},\"potentialAction\":[{\"@type\":\"SearchAction\",\"target\":{\"@type\":\"EntryPoint\",\"urlTemplate\":\"https:\\\/\\\/healthcarepoland.pl\\\/pl\\\/?s={search_term_string}\"},\"query-input\":{\"@type\":\"PropertyValueSpecification\",\"valueRequired\":true,\"valueName\":\"search_term_string\"}}],\"inLanguage\":\"pl-PL\"},{\"@type\":\"Organization\",\"@id\":\"https:\\\/\\\/healthcarepoland.pl\\\/pl\\\/#organization\",\"name\":\"Healthcare Poland\",\"url\":\"https:\\\/\\\/healthcarepoland.pl\\\/pl\\\/\",\"logo\":{\"@type\":\"ImageObject\",\"inLanguage\":\"pl-PL\",\"@id\":\"https:\\\/\\\/healthcarepoland.pl\\\/pl\\\/#\\\/schema\\\/logo\\\/image\\\/\",\"url\":\"https:\\\/\\\/i0.wp.com\\\/healthcarepoland.pl\\\/wp-content\\\/uploads\\\/2023\\\/11\\\/3.png?fit=1000%2C1000&ssl=1\",\"contentUrl\":\"https:\\\/\\\/i0.wp.com\\\/healthcarepoland.pl\\\/wp-content\\\/uploads\\\/2023\\\/11\\\/3.png?fit=1000%2C1000&ssl=1\",\"width\":1000,\"height\":1000,\"caption\":\"Healthcare Poland\"},\"image\":{\"@id\":\"https:\\\/\\\/healthcarepoland.pl\\\/pl\\\/#\\\/schema\\\/logo\\\/image\\\/\"},\"sameAs\":[\"https:\\\/\\\/www.facebook.com\\\/healthcarepoland\"]}]}<\/script>\n<!-- \/ Yoast SEO plugin. -->","yoast_head_json":{"title":"Polityka Prywatno\u015bci - Healthcare Poland","robots":{"index":"index","follow":"follow","max-snippet":"max-snippet:-1","max-image-preview":"max-image-preview:large","max-video-preview":"max-video-preview:-1"},"canonical":"https:\/\/healthcarepoland.pl\/pl\/faq\/polityka-prywatnosci\/","og_locale":"pl_PL","og_type":"article","og_title":"Polityka Prywatno\u015bci - Healthcare Poland","og_description":"Kim jeste\u015bmy Nasza strona to: https:\/\/healthcarepoland.pl. Przetwarzanie danych osobowych w partnerstwie z Fundacj\u0105 Healthcare Poland","og_url":"https:\/\/healthcarepoland.pl\/pl\/faq\/polityka-prywatnosci\/","og_site_name":"Healthcare Poland","article_publisher":"https:\/\/www.facebook.com\/healthcarepoland","article_modified_time":"2025-01-05T19:22:57+00:00","og_image":[{"width":1000,"height":1000,"url":"https:\/\/i0.wp.com\/healthcarepoland.pl\/wp-content\/uploads\/2023\/11\/2.png?fit=1000%2C1000&ssl=1","type":"image\/png"}],"twitter_card":"summary_large_image","twitter_misc":{"Szacowany czas czytania":"2 minuty"},"schema":{"@context":"https:\/\/schema.org","@graph":[{"@type":"WebPage","@id":"https:\/\/healthcarepoland.pl\/pl\/faq\/polityka-prywatnosci\/","url":"https:\/\/healthcarepoland.pl\/pl\/faq\/polityka-prywatnosci\/","name":"Polityka Prywatno\u015bci - Healthcare Poland","isPartOf":{"@id":"https:\/\/healthcarepoland.pl\/pl\/#website"},"primaryImageOfPage":{"@id":"https:\/\/healthcarepoland.pl\/pl\/faq\/polityka-prywatnosci\/#primaryimage"},"image":{"@id":"https:\/\/healthcarepoland.pl\/pl\/faq\/polityka-prywatnosci\/#primaryimage"},"thumbnailUrl":"https:\/\/i0.wp.com\/healthcarepoland.pl\/wp-content\/uploads\/2023\/11\/2.png?fit=1000%2C1000&ssl=1","datePublished":"2023-11-19T23:34:19+00:00","dateModified":"2025-01-05T19:22:57+00:00","breadcrumb":{"@id":"https:\/\/healthcarepoland.pl\/pl\/faq\/polityka-prywatnosci\/#breadcrumb"},"inLanguage":"pl-PL","potentialAction":[{"@type":"ReadAction","target":["https:\/\/healthcarepoland.pl\/pl\/faq\/polityka-prywatnosci\/"]}]},{"@type":"ImageObject","inLanguage":"pl-PL","@id":"https:\/\/healthcarepoland.pl\/pl\/faq\/polityka-prywatnosci\/#primaryimage","url":"https:\/\/i0.wp.com\/healthcarepoland.pl\/wp-content\/uploads\/2023\/11\/2.png?fit=1000%2C1000&ssl=1","contentUrl":"https:\/\/i0.wp.com\/healthcarepoland.pl\/wp-content\/uploads\/2023\/11\/2.png?fit=1000%2C1000&ssl=1","width":1000,"height":1000},{"@type":"BreadcrumbList","@id":"https:\/\/healthcarepoland.pl\/pl\/faq\/polityka-prywatnosci\/#breadcrumb","itemListElement":[{"@type":"ListItem","position":1,"name":"Home","item":"https:\/\/healthcarepoland.pl\/pl\/"},{"@type":"ListItem","position":2,"name":"FAQ","item":"https:\/\/healthcarepoland.pl\/pl\/sample-page\/"},{"@type":"ListItem","position":3,"name":"Polityka Prywatno\u015bci"}]},{"@type":"WebSite","@id":"https:\/\/healthcarepoland.pl\/pl\/#website","url":"https:\/\/healthcarepoland.pl\/pl\/","name":"Healthcare Poland","description":"Promoting Poland&#039;s Healthcare","publisher":{"@id":"https:\/\/healthcarepoland.pl\/pl\/#organization"},"potentialAction":[{"@type":"SearchAction","target":{"@type":"EntryPoint","urlTemplate":"https:\/\/healthcarepoland.pl\/pl\/?s={search_term_string}"},"query-input":{"@type":"PropertyValueSpecification","valueRequired":true,"valueName":"search_term_string"}}],"inLanguage":"pl-PL"},{"@type":"Organization","@id":"https:\/\/healthcarepoland.pl\/pl\/#organization","name":"Healthcare Poland","url":"https:\/\/healthcarepoland.pl\/pl\/","logo":{"@type":"ImageObject","inLanguage":"pl-PL","@id":"https:\/\/healthcarepoland.pl\/pl\/#\/schema\/logo\/image\/","url":"https:\/\/i0.wp.com\/healthcarepoland.pl\/wp-content\/uploads\/2023\/11\/3.png?fit=1000%2C1000&ssl=1","contentUrl":"https:\/\/i0.wp.com\/healthcarepoland.pl\/wp-content\/uploads\/2023\/11\/3.png?fit=1000%2C1000&ssl=1","width":1000,"height":1000,"caption":"Healthcare Poland"},"image":{"@id":"https:\/\/healthcarepoland.pl\/pl\/#\/schema\/logo\/image\/"},"sameAs":["https:\/\/www.facebook.com\/healthcarepoland"]}]}},"jetpack_shortlink":"https:\/\/wp.me\/Pfg07v-n7","jetpack_sharing_enabled":true,"_links":{"self":[{"href":"https:\/\/healthcarepoland.pl\/pl\/wp-json\/wp\/v2\/pages\/1433","targetHints":{"allow":["GET"]}}],"collection":[{"href":"https:\/\/healthcarepoland.pl\/pl\/wp-json\/wp\/v2\/pages"}],"about":[{"href":"https:\/\/healthcarepoland.pl\/pl\/wp-json\/wp\/v2\/types\/page"}],"author":[{"embeddable":true,"href":"https:\/\/healthcarepoland.pl\/pl\/wp-json\/wp\/v2\/users\/1"}],"replies":[{"embeddable":true,"href":"https:\/\/healthcarepoland.pl\/pl\/wp-json\/wp\/v2\/comments?post=1433"}],"version-history":[{"count":1,"href":"https:\/\/healthcarepoland.pl\/pl\/wp-json\/wp\/v2\/pages\/1433\/revisions"}],"predecessor-version":[{"id":1434,"href":"https:\/\/healthcarepoland.pl\/pl\/wp-json\/wp\/v2\/pages\/1433\/revisions\/1434"}],"up":[{"embeddable":true,"href":"https:\/\/healthcarepoland.pl\/pl\/wp-json\/wp\/v2\/pages\/1343"}],"wp:featuredmedia":[{"embeddable":true,"href":"https:\/\/healthcarepoland.pl\/pl\/wp-json\/wp\/v2\/media\/1040"}],"wp:attachment":[{"href":"https:\/\/healthcarepoland.pl\/pl\/wp-json\/wp\/v2\/media?parent=1433"}],"curies":[{"name":"wp","href":"https:\/\/api.w.org\/{rel}","templated":true}]}}