{"id":2375,"date":"2025-08-27T21:52:58","date_gmt":"2025-08-27T20:52:58","guid":{"rendered":"https:\/\/healthcarepoland.pl\/ai-dla-zdrowia\/"},"modified":"2025-08-27T22:16:44","modified_gmt":"2025-08-27T21:16:44","slug":"ai-dla-zdrowia","status":"publish","type":"page","link":"https:\/\/healthcarepoland.pl\/pl\/ai-dla-zdrowia\/","title":{"rendered":"AI dla ZDROWIA"},"content":{"rendered":"\n<div class=\"nfd-container nfd-p-md  nfd-wb-headings__heading-4 is-style-nfd-theme-white wp-block-group is-layout-constrained wp-container-core-group-is-layout-6141fbbf wp-block-group-is-layout-constrained\">\n<div class=\"nfd-gap-lg wp-block-group is-vertical is-content-justification-center is-layout-flex wp-container-core-group-is-layout-fa38c63a wp-block-group-is-layout-flex\">\n<p class=\"nfd-text-sm has-text-align-center\" style=\"font-style:normal;font-weight:500;letter-spacing:0.05em;text-transform:uppercase\">AI dla Zdrowia \u2013 Marka Telewizyjna<\/p>\n\n\n\n<h2 class=\"wp-block-heading nfd-text-huge nfd-text-primary nfd-text-balance has-text-align-center\">Opis rozwi\u0105zania<\/h2>\n\n\n\n<p class=\"nfd-text-md nfd-text-balance nfd-text-faded has-text-align-center\">\u201eAI dla Zdrowia\u201d to dedykowany program telewizyjny stworzony we wsp\u00f3\u0142pracy z Telewizj\u0105 Biznesow\u0105, kt\u00f3rego celem jest prezentacja najwa\u017cniejszych trend\u00f3w, innowacji i regulacji w obszarze sztucznej inteligencji w ochronie zdrowia. Program pe\u0142ni rol\u0119 platformy edukacyjno-inwestycyjnej, \u0142\u0105cz\u0105c \u015bwiat nauki, medycyny, biznesu i regulator\u00f3w w jednym formacie medialnym. <\/p>\n\n\n\n<p class=\"nfd-text-md nfd-text-balance nfd-text-faded has-text-align-center\">Program osadzony jest w kontek\u015bcie piaskownic regulacyjnych AI, kt\u00f3re umo\u017cliwiaj\u0105 testowanie i wdra\u017canie innowacyjnych rozwi\u0105za\u0144 przy zachowaniu zgodno\u015bci z regulacjami prawa europejskiego i polskiego. Dzi\u0119ki temu staje si\u0119 unikalnym kana\u0142em prezentacji potencja\u0142u nowych technologii medycznych oraz mechanizm\u00f3w wsparcia dla inwestor\u00f3w. <\/p>\n<\/div>\n<\/div>\n\n<p id=\"ember613\" class=\"\">Misj\u0105 programu \u201eAI dla Zdrowia\u201d jest:<\/p>\n\n<ol class=\"wp-block-list\">\n<li class=\"\">Edukacja rynku \u2013 dostarczenie przejrzystej wiedzy o mo\u017cliwo\u015bciach wykorzystania AI w ochronie zdrowia, z naciskiem na realne wdro\u017cenia.<\/li>\n\n\n\n<li class=\"\">Budowanie zaufania \u2013 pokazanie, \u017ce innowacje rozwijane w ramach piaskownic regulacyjnych s\u0105 bezpieczne, zgodne z przepisami i przygotowane do wej\u015bcia na rynek.<\/li>\n\n\n\n<li class=\"\">\u0141\u0105czenie \u015brodowisk \u2013 stworzenie mostu pomi\u0119dzy tw\u00f3rcami technologii, szpitalami, regulatorami oraz inwestorami poszukuj\u0105cymi stabilnych projekt\u00f3w o du\u017cym potencjale rynkowym.<\/li>\n<\/ol>\n\n<figure class=\"wp-block-image aligncenter size-large is-resized\"><img data-recalc-dims=\"1\" loading=\"lazy\" decoding=\"async\" width=\"1920\" height=\"1079\" src=\"https:\/\/i0.wp.com\/healthcarepoland.pl\/wp-content\/uploads\/2025\/08\/Logo-AIwZdrowiu-2-kolory-edited.png?resize=1920%2C1079&#038;ssl=1\" alt=\"\" class=\"wp-image-2365\" style=\"width:635px;height:auto\" srcset=\"https:\/\/i0.wp.com\/healthcarepoland.pl\/wp-content\/uploads\/2025\/08\/Logo-AIwZdrowiu-2-kolory-edited.png?w=1920&amp;ssl=1 1920w, https:\/\/i0.wp.com\/healthcarepoland.pl\/wp-content\/uploads\/2025\/08\/Logo-AIwZdrowiu-2-kolory-edited.png?resize=300%2C169&amp;ssl=1 300w, https:\/\/i0.wp.com\/healthcarepoland.pl\/wp-content\/uploads\/2025\/08\/Logo-AIwZdrowiu-2-kolory-edited.png?resize=1024%2C575&amp;ssl=1 1024w, https:\/\/i0.wp.com\/healthcarepoland.pl\/wp-content\/uploads\/2025\/08\/Logo-AIwZdrowiu-2-kolory-edited.png?resize=768%2C432&amp;ssl=1 768w, https:\/\/i0.wp.com\/healthcarepoland.pl\/wp-content\/uploads\/2025\/08\/Logo-AIwZdrowiu-2-kolory-edited.png?resize=1536%2C863&amp;ssl=1 1536w\" sizes=\"auto, (max-width: 1000px) 100vw, 1000px\" \/><\/figure>\n\n<div class=\"wp-block-group is-nowrap is-layout-flex wp-container-core-group-is-layout-6c531013 wp-block-group-is-layout-flex\">\n<h2 class=\"wp-block-heading\" id=\"ember615\">Wizj\u0105 programu jest sta\u0107 si\u0119 najwa\u017cniejszym kana\u0142em medialnym w <strong>Polsce <\/strong>i <strong>Europie \u015arodkowo-Wschodniej<\/strong><\/h2>\n\n\n\n<ul class=\"wp-block-list\">\n<li class=\"\">prezentuje najciekawsze startupy i technologie medyczne oparte o AI,<\/li>\n\n\n\n<li class=\"\">t\u0142umaczy regulacje (AI Act, MDR, RODO, NIS2) w praktycznym uj\u0119ciu dla inwestor\u00f3w,<\/li>\n\n\n\n<li class=\"\">promuje ekosystem piaskownic regulacyjnych jako bezpieczne miejsce dla rozwoju kapita\u0142u,<\/li>\n\n\n\n<li class=\"\">buduje wizerunek Polski jako lidera we wdra\u017caniu innowacyjnych i zgodnych z prawem rozwi\u0105za\u0144 zdrowotnych<\/li>\n<\/ul>\n<\/div>\n\n<div class=\"wp-block-group is-layout-constrained wp-block-group-is-layout-constrained\">\n<div class=\"wp-block-group is-nowrap is-layout-flex wp-container-core-group-is-layout-6c531013 wp-block-group-is-layout-flex\">\n<h2 class=\"wp-block-heading\" id=\"ember617\"><strong>\u201eAI dla Zdrowia\u201d <\/strong>to nie tylko program telewizyjny \u2013 to narz\u0119dzie budowania zaufania inwestycyjnego<\/h2>\n\n\n\n<ul class=\"wp-block-list\">\n<li class=\"\">prezentuje zweryfikowane projekty i startupy z rynku ochrony zdrowia,<\/li>\n\n\n\n<li class=\"\">pokazuje mechanizmy minimalizacji ryzyka dzi\u0119ki piaskownicom regulacyjnym,<\/li>\n\n\n\n<li class=\"\">umo\u017cliwia inwestorom dost\u0119p do networkingu i informacji o projektach gotowych do skalowania,<\/li>\n\n\n\n<li class=\"\">buduje \u015bwiadomo\u015b\u0107 trend\u00f3w rynkowych i regulacyjnych, kt\u00f3re bezpo\u015brednio wp\u0142ywaj\u0105 na rentowno\u015b\u0107 inwestycji.<\/li>\n<\/ul>\n<\/div>\n<\/div>\n\n<ul class=\"wp-block-list\">\n<li class=\"\"><strong>Studia eksperckie<\/strong> \u2013 rozmowy z liderami bran\u017cy, lekarzami, regulatorami i inwestorami.<\/li>\n\n\n\n<li class=\"\"><strong>Prezentacje startup\u00f3w <\/strong>\u2013 kr\u00f3tka forma pitch\u00f3w inwestycyjnych emitowana w formule telewizyjnej.<\/li>\n\n\n\n<li class=\"\"><strong>Case studies<\/strong> \u2013 przyk\u0142ady wdro\u017ce\u0144 AI w szpitalach i klinikach.<\/li>\n\n\n\n<li class=\"\"><strong>Analizy regulacyjne i rynkowe <\/strong>\u2013 sekcje prowadzone przez ekspert\u00f3w prawa, compliance i ESG.<\/li>\n<\/ul>\n\n<blockquote class=\"wp-block-quote is-layout-flow wp-block-quote-is-layout-flow\">\n<p class=\"\">\u201eAI dla Zdrowia\u201d \u2013 program o innowacjach i regulacjach AI w medycynie, \u0142\u0105cz\u0105cy nauk\u0119, biznes i inwestor\u00f3w.<\/p>\n<\/blockquote>\n\n<p id=\"ember621\" class=\"\">Zesp\u00f3\u0142 Centrum Innowacji <a href=\"https:\/\/www.linkedin.com\/company\/healthcarepoland\/\">Healthcare Poland Foundation<\/a><\/p>\n\n<p id=\"ember625\" class=\"\"><a href=\"mailto:innowacje@healthcarepoland.pl\">innowacje@healthcarepoland.pl<\/a><\/p>\n\n<p id=\"ember626\" class=\"\">tel. +48 787-000-827<\/p>\n\n<p class=\"\"><\/p>\n","protected":false},"excerpt":{"rendered":"<p>AI dla Zdrowia \u2013 Marka Telewizyjna Opis rozwi\u0105zania \u201eAI dla Zdrowia\u201d to dedykowany program telewizyjny stworzony we wsp\u00f3\u0142pracy z Telewizj\u0105 Biznesow\u0105, kt\u00f3rego celem jest prezentacja najwa\u017cniejszych trend\u00f3w, innowacji i regulacji w obszarze sztucznej inteligencji w ochronie zdrowia. Program pe\u0142ni rol\u0119 platformy edukacyjno-inwestycyjnej, \u0142\u0105cz\u0105c \u015bwiat nauki, medycyny, biznesu i regulator\u00f3w w jednym formacie medialnym. Program osadzony [&hellip;]<\/p>\n","protected":false},"author":2,"featured_media":0,"parent":0,"menu_order":0,"comment_status":"closed","ping_status":"closed","template":"","meta":{"nf_dc_page":"","jetpack_post_was_ever_published":false,"footnotes":""},"class_list":["post-2375","page","type-page","status-publish","hentry"],"yoast_head":"<!-- This site is optimized with the Yoast SEO plugin v27.4 - https:\/\/yoast.com\/product\/yoast-seo-wordpress\/ -->\n<title>AI dla ZDROWIA - Healthcare Poland<\/title>\n<meta name=\"robots\" content=\"index, follow, max-snippet:-1, max-image-preview:large, max-video-preview:-1\" \/>\n<link rel=\"canonical\" href=\"https:\/\/healthcarepoland.pl\/pl\/ai-dla-zdrowia\/\" \/>\n<meta property=\"og:locale\" content=\"pl_PL\" \/>\n<meta property=\"og:type\" content=\"article\" \/>\n<meta property=\"og:title\" content=\"AI dla ZDROWIA - Healthcare Poland\" \/>\n<meta property=\"og:description\" content=\"AI dla Zdrowia \u2013 Marka Telewizyjna Opis rozwi\u0105zania \u201eAI dla Zdrowia\u201d to dedykowany program telewizyjny stworzony we wsp\u00f3\u0142pracy z Telewizj\u0105 Biznesow\u0105, kt\u00f3rego celem jest prezentacja najwa\u017cniejszych trend\u00f3w, innowacji i regulacji w obszarze sztucznej inteligencji w ochronie zdrowia. Program pe\u0142ni rol\u0119 platformy edukacyjno-inwestycyjnej, \u0142\u0105cz\u0105c \u015bwiat nauki, medycyny, biznesu i regulator\u00f3w w jednym formacie medialnym. Program osadzony [&hellip;]\" \/>\n<meta property=\"og:url\" content=\"https:\/\/healthcarepoland.pl\/pl\/ai-dla-zdrowia\/\" \/>\n<meta property=\"og:site_name\" content=\"Healthcare Poland\" \/>\n<meta property=\"article:publisher\" content=\"https:\/\/www.facebook.com\/healthcarepoland\" \/>\n<meta property=\"article:modified_time\" content=\"2025-08-27T21:16:44+00:00\" \/>\n<meta property=\"og:image\" content=\"https:\/\/healthcarepoland.pl\/wp-content\/uploads\/2025\/08\/Logo-AIwZdrowiu-2-kolory-edited.png\" \/>\n<meta name=\"twitter:card\" content=\"summary_large_image\" \/>\n<meta name=\"twitter:label1\" content=\"Szacowany czas czytania\" \/>\n\t<meta name=\"twitter:data1\" content=\"2 minuty\" \/>\n<script type=\"application\/ld+json\" class=\"yoast-schema-graph\">{\"@context\":\"https:\\\/\\\/schema.org\",\"@graph\":[{\"@type\":\"WebPage\",\"@id\":\"https:\\\/\\\/healthcarepoland.pl\\\/pl\\\/ai-dla-zdrowia\\\/\",\"url\":\"https:\\\/\\\/healthcarepoland.pl\\\/pl\\\/ai-dla-zdrowia\\\/\",\"name\":\"AI dla ZDROWIA - Healthcare Poland\",\"isPartOf\":{\"@id\":\"https:\\\/\\\/healthcarepoland.pl\\\/pl\\\/#website\"},\"primaryImageOfPage\":{\"@id\":\"https:\\\/\\\/healthcarepoland.pl\\\/pl\\\/ai-dla-zdrowia\\\/#primaryimage\"},\"image\":{\"@id\":\"https:\\\/\\\/healthcarepoland.pl\\\/pl\\\/ai-dla-zdrowia\\\/#primaryimage\"},\"thumbnailUrl\":\"https:\\\/\\\/healthcarepoland.pl\\\/wp-content\\\/uploads\\\/2025\\\/08\\\/Logo-AIwZdrowiu-2-kolory-edited.png\",\"datePublished\":\"2025-08-27T20:52:58+00:00\",\"dateModified\":\"2025-08-27T21:16:44+00:00\",\"breadcrumb\":{\"@id\":\"https:\\\/\\\/healthcarepoland.pl\\\/pl\\\/ai-dla-zdrowia\\\/#breadcrumb\"},\"inLanguage\":\"pl-PL\",\"potentialAction\":[{\"@type\":\"ReadAction\",\"target\":[\"https:\\\/\\\/healthcarepoland.pl\\\/pl\\\/ai-dla-zdrowia\\\/\"]}]},{\"@type\":\"ImageObject\",\"inLanguage\":\"pl-PL\",\"@id\":\"https:\\\/\\\/healthcarepoland.pl\\\/pl\\\/ai-dla-zdrowia\\\/#primaryimage\",\"url\":\"https:\\\/\\\/healthcarepoland.pl\\\/wp-content\\\/uploads\\\/2025\\\/08\\\/Logo-AIwZdrowiu-2-kolory-edited.png\",\"contentUrl\":\"https:\\\/\\\/healthcarepoland.pl\\\/wp-content\\\/uploads\\\/2025\\\/08\\\/Logo-AIwZdrowiu-2-kolory-edited.png\"},{\"@type\":\"BreadcrumbList\",\"@id\":\"https:\\\/\\\/healthcarepoland.pl\\\/pl\\\/ai-dla-zdrowia\\\/#breadcrumb\",\"itemListElement\":[{\"@type\":\"ListItem\",\"position\":1,\"name\":\"Home\",\"item\":\"https:\\\/\\\/healthcarepoland.pl\\\/pl\\\/\"},{\"@type\":\"ListItem\",\"position\":2,\"name\":\"AI dla ZDROWIA\"}]},{\"@type\":\"WebSite\",\"@id\":\"https:\\\/\\\/healthcarepoland.pl\\\/pl\\\/#website\",\"url\":\"https:\\\/\\\/healthcarepoland.pl\\\/pl\\\/\",\"name\":\"Healthcare Poland\",\"description\":\"Promoting Poland&#039;s Healthcare\",\"publisher\":{\"@id\":\"https:\\\/\\\/healthcarepoland.pl\\\/pl\\\/#organization\"},\"potentialAction\":[{\"@type\":\"SearchAction\",\"target\":{\"@type\":\"EntryPoint\",\"urlTemplate\":\"https:\\\/\\\/healthcarepoland.pl\\\/pl\\\/?s={search_term_string}\"},\"query-input\":{\"@type\":\"PropertyValueSpecification\",\"valueRequired\":true,\"valueName\":\"search_term_string\"}}],\"inLanguage\":\"pl-PL\"},{\"@type\":\"Organization\",\"@id\":\"https:\\\/\\\/healthcarepoland.pl\\\/pl\\\/#organization\",\"name\":\"Healthcare Poland\",\"url\":\"https:\\\/\\\/healthcarepoland.pl\\\/pl\\\/\",\"logo\":{\"@type\":\"ImageObject\",\"inLanguage\":\"pl-PL\",\"@id\":\"https:\\\/\\\/healthcarepoland.pl\\\/pl\\\/#\\\/schema\\\/logo\\\/image\\\/\",\"url\":\"https:\\\/\\\/i0.wp.com\\\/healthcarepoland.pl\\\/wp-content\\\/uploads\\\/2023\\\/11\\\/3.png?fit=1000%2C1000&ssl=1\",\"contentUrl\":\"https:\\\/\\\/i0.wp.com\\\/healthcarepoland.pl\\\/wp-content\\\/uploads\\\/2023\\\/11\\\/3.png?fit=1000%2C1000&ssl=1\",\"width\":1000,\"height\":1000,\"caption\":\"Healthcare Poland\"},\"image\":{\"@id\":\"https:\\\/\\\/healthcarepoland.pl\\\/pl\\\/#\\\/schema\\\/logo\\\/image\\\/\"},\"sameAs\":[\"https:\\\/\\\/www.facebook.com\\\/healthcarepoland\"]}]}<\/script>\n<!-- \/ Yoast SEO plugin. -->","yoast_head_json":{"title":"AI dla ZDROWIA - Healthcare Poland","robots":{"index":"index","follow":"follow","max-snippet":"max-snippet:-1","max-image-preview":"max-image-preview:large","max-video-preview":"max-video-preview:-1"},"canonical":"https:\/\/healthcarepoland.pl\/pl\/ai-dla-zdrowia\/","og_locale":"pl_PL","og_type":"article","og_title":"AI dla ZDROWIA - Healthcare Poland","og_description":"AI dla Zdrowia \u2013 Marka Telewizyjna Opis rozwi\u0105zania \u201eAI dla Zdrowia\u201d to dedykowany program telewizyjny stworzony we wsp\u00f3\u0142pracy z Telewizj\u0105 Biznesow\u0105, kt\u00f3rego celem jest prezentacja najwa\u017cniejszych trend\u00f3w, innowacji i regulacji w obszarze sztucznej inteligencji w ochronie zdrowia. Program pe\u0142ni rol\u0119 platformy edukacyjno-inwestycyjnej, \u0142\u0105cz\u0105c \u015bwiat nauki, medycyny, biznesu i regulator\u00f3w w jednym formacie medialnym. Program osadzony [&hellip;]","og_url":"https:\/\/healthcarepoland.pl\/pl\/ai-dla-zdrowia\/","og_site_name":"Healthcare Poland","article_publisher":"https:\/\/www.facebook.com\/healthcarepoland","article_modified_time":"2025-08-27T21:16:44+00:00","og_image":[{"url":"https:\/\/healthcarepoland.pl\/wp-content\/uploads\/2025\/08\/Logo-AIwZdrowiu-2-kolory-edited.png","type":"","width":"","height":""}],"twitter_card":"summary_large_image","twitter_misc":{"Szacowany czas czytania":"2 minuty"},"schema":{"@context":"https:\/\/schema.org","@graph":[{"@type":"WebPage","@id":"https:\/\/healthcarepoland.pl\/pl\/ai-dla-zdrowia\/","url":"https:\/\/healthcarepoland.pl\/pl\/ai-dla-zdrowia\/","name":"AI dla ZDROWIA - Healthcare Poland","isPartOf":{"@id":"https:\/\/healthcarepoland.pl\/pl\/#website"},"primaryImageOfPage":{"@id":"https:\/\/healthcarepoland.pl\/pl\/ai-dla-zdrowia\/#primaryimage"},"image":{"@id":"https:\/\/healthcarepoland.pl\/pl\/ai-dla-zdrowia\/#primaryimage"},"thumbnailUrl":"https:\/\/healthcarepoland.pl\/wp-content\/uploads\/2025\/08\/Logo-AIwZdrowiu-2-kolory-edited.png","datePublished":"2025-08-27T20:52:58+00:00","dateModified":"2025-08-27T21:16:44+00:00","breadcrumb":{"@id":"https:\/\/healthcarepoland.pl\/pl\/ai-dla-zdrowia\/#breadcrumb"},"inLanguage":"pl-PL","potentialAction":[{"@type":"ReadAction","target":["https:\/\/healthcarepoland.pl\/pl\/ai-dla-zdrowia\/"]}]},{"@type":"ImageObject","inLanguage":"pl-PL","@id":"https:\/\/healthcarepoland.pl\/pl\/ai-dla-zdrowia\/#primaryimage","url":"https:\/\/healthcarepoland.pl\/wp-content\/uploads\/2025\/08\/Logo-AIwZdrowiu-2-kolory-edited.png","contentUrl":"https:\/\/healthcarepoland.pl\/wp-content\/uploads\/2025\/08\/Logo-AIwZdrowiu-2-kolory-edited.png"},{"@type":"BreadcrumbList","@id":"https:\/\/healthcarepoland.pl\/pl\/ai-dla-zdrowia\/#breadcrumb","itemListElement":[{"@type":"ListItem","position":1,"name":"Home","item":"https:\/\/healthcarepoland.pl\/pl\/"},{"@type":"ListItem","position":2,"name":"AI dla ZDROWIA"}]},{"@type":"WebSite","@id":"https:\/\/healthcarepoland.pl\/pl\/#website","url":"https:\/\/healthcarepoland.pl\/pl\/","name":"Healthcare Poland","description":"Promoting Poland&#039;s Healthcare","publisher":{"@id":"https:\/\/healthcarepoland.pl\/pl\/#organization"},"potentialAction":[{"@type":"SearchAction","target":{"@type":"EntryPoint","urlTemplate":"https:\/\/healthcarepoland.pl\/pl\/?s={search_term_string}"},"query-input":{"@type":"PropertyValueSpecification","valueRequired":true,"valueName":"search_term_string"}}],"inLanguage":"pl-PL"},{"@type":"Organization","@id":"https:\/\/healthcarepoland.pl\/pl\/#organization","name":"Healthcare Poland","url":"https:\/\/healthcarepoland.pl\/pl\/","logo":{"@type":"ImageObject","inLanguage":"pl-PL","@id":"https:\/\/healthcarepoland.pl\/pl\/#\/schema\/logo\/image\/","url":"https:\/\/i0.wp.com\/healthcarepoland.pl\/wp-content\/uploads\/2023\/11\/3.png?fit=1000%2C1000&ssl=1","contentUrl":"https:\/\/i0.wp.com\/healthcarepoland.pl\/wp-content\/uploads\/2023\/11\/3.png?fit=1000%2C1000&ssl=1","width":1000,"height":1000,"caption":"Healthcare Poland"},"image":{"@id":"https:\/\/healthcarepoland.pl\/pl\/#\/schema\/logo\/image\/"},"sameAs":["https:\/\/www.facebook.com\/healthcarepoland"]}]}},"jetpack_shortlink":"https:\/\/wp.me\/Pfg07v-Cj","jetpack_sharing_enabled":true,"_links":{"self":[{"href":"https:\/\/healthcarepoland.pl\/pl\/wp-json\/wp\/v2\/pages\/2375","targetHints":{"allow":["GET"]}}],"collection":[{"href":"https:\/\/healthcarepoland.pl\/pl\/wp-json\/wp\/v2\/pages"}],"about":[{"href":"https:\/\/healthcarepoland.pl\/pl\/wp-json\/wp\/v2\/types\/page"}],"author":[{"embeddable":true,"href":"https:\/\/healthcarepoland.pl\/pl\/wp-json\/wp\/v2\/users\/2"}],"replies":[{"embeddable":true,"href":"https:\/\/healthcarepoland.pl\/pl\/wp-json\/wp\/v2\/comments?post=2375"}],"version-history":[{"count":1,"href":"https:\/\/healthcarepoland.pl\/pl\/wp-json\/wp\/v2\/pages\/2375\/revisions"}],"predecessor-version":[{"id":2376,"href":"https:\/\/healthcarepoland.pl\/pl\/wp-json\/wp\/v2\/pages\/2375\/revisions\/2376"}],"wp:attachment":[{"href":"https:\/\/healthcarepoland.pl\/pl\/wp-json\/wp\/v2\/media?parent=2375"}],"curies":[{"name":"wp","href":"https:\/\/api.w.org\/{rel}","templated":true}]}}